
{"id":1709,"date":"2021-04-12T13:25:25","date_gmt":"2021-04-12T13:25:25","guid":{"rendered":"https:\/\/klementina.develop.in.rs\/proizvodi-za-negu-kose\/"},"modified":"2022-07-16T13:17:28","modified_gmt":"2022-07-16T13:17:28","slug":"hair-care","status":"publish","type":"page","link":"https:\/\/klementina.rs\/en\/hair-care\/","title":{"rendered":"Hair care"},"content":{"rendered":"<h2>Hair care<\/h2>\n<p><span style=\"color: #85a669;\">Find products that will suit you<\/span><\/p>\n<div class=\"small_image_cat\">\n<p><img loading=\"lazy\" decoding=\"async\" class=\"alignnone size-medium wp-image-291\" src=\"\/wp-content\/uploads\/2021\/03\/Nega-kose-scaled.jpg\" alt=\"\" width=\"300\" height=\"300\" \/><\/p>\n<\/div>\n<div class=\"listanje_proizvodi\"><div class=\"woocommerce columns-4 \"><ul class=\"products columns-4\">\n<li class=\"product type-product post-1844 status-publish first instock product_cat-monoi-kolekcija product_cat-nega-kose has-post-thumbnail shipping-taxable purchasable product-type-simple\">\n\t<a href=\"https:\/\/klementina.rs\/en\/proizvod\/monoi-maska\/\" class=\"woocommerce-LoopProduct-link woocommerce-loop-product__link\"><img loading=\"lazy\" decoding=\"async\" width=\"300\" height=\"300\" src=\"https:\/\/klementina.rs\/wp-content\/uploads\/2023\/01\/monoi-maska-300x300.jpg\" class=\"attachment-woocommerce_thumbnail size-woocommerce_thumbnail\" alt=\"Monoi Maska\" srcset=\"https:\/\/klementina.rs\/wp-content\/uploads\/2023\/01\/monoi-maska-300x300.jpg 300w, https:\/\/klementina.rs\/wp-content\/uploads\/2023\/01\/monoi-maska-150x150.jpg 150w, https:\/\/klementina.rs\/wp-content\/uploads\/2023\/01\/monoi-maska-100x100.jpg 100w\" sizes=\"auto, (max-width: 300px) 100vw, 300px\" \/><h2 class=\"woocommerce-loop-product__title\">Monoi Maska<\/h2>\n\t<span class=\"price\"><span class=\"woocommerce-Price-amount amount\"><bdi>2.500,00&nbsp;<span class=\"woocommerce-Price-currencySymbol\">RSD<\/span><\/bdi><\/span><\/span>\n<\/a><a href=\"\/en\/wp-json\/wp\/v2\/pages\/1709?add-to-cart=1844\" aria-describedby=\"woocommerce_loop_add_to_cart_link_describedby_1844\" data-quantity=\"1\" class=\"button product_type_simple add_to_cart_button ajax_add_to_cart\" data-product_id=\"1844\" data-product_sku=\"\" aria-label=\"Add to cart: &ldquo;Monoi Maska&rdquo;\" rel=\"nofollow\" data-success_message=\"&ldquo;Monoi Maska&rdquo; has been added to your cart\">Add to cart<\/a>\t<span id=\"woocommerce_loop_add_to_cart_link_describedby_1844\" class=\"screen-reader-text\">\n\t\t\t<\/span>\n<\/li>\n<li class=\"product type-product post-572 status-publish instock product_cat-monoi-kolekcija product_cat-nega-kose product_tag-monoi product_tag-nega-kose product_tag-serum-za-kosu has-post-thumbnail shipping-taxable purchasable product-type-simple\">\n\t<a href=\"https:\/\/klementina.rs\/en\/proizvod\/serum-za-krajeve-kose-monoi\/\" class=\"woocommerce-LoopProduct-link woocommerce-loop-product__link\"><img loading=\"lazy\" decoding=\"async\" width=\"300\" height=\"300\" src=\"https:\/\/klementina.rs\/wp-content\/uploads\/2021\/04\/Monoi-serum-za-krajeve-kose-1-300x300.jpg\" class=\"attachment-woocommerce_thumbnail size-woocommerce_thumbnail\" alt=\"Serum za krajeve kose Monoi\" srcset=\"https:\/\/klementina.rs\/wp-content\/uploads\/2021\/04\/Monoi-serum-za-krajeve-kose-1-300x300.jpg 300w, https:\/\/klementina.rs\/wp-content\/uploads\/2021\/04\/Monoi-serum-za-krajeve-kose-1-150x150.jpg 150w, https:\/\/klementina.rs\/wp-content\/uploads\/2021\/04\/Monoi-serum-za-krajeve-kose-1-100x100.jpg 100w\" sizes=\"auto, (max-width: 300px) 100vw, 300px\" \/><h2 class=\"woocommerce-loop-product__title\">Serum za krajeve kose Monoi<\/h2>\n\t<span class=\"price\"><span class=\"woocommerce-Price-amount amount\"><bdi>1.200,00&nbsp;<span class=\"woocommerce-Price-currencySymbol\">RSD<\/span><\/bdi><\/span><\/span>\n<\/a><a href=\"\/en\/wp-json\/wp\/v2\/pages\/1709?add-to-cart=572\" aria-describedby=\"woocommerce_loop_add_to_cart_link_describedby_572\" data-quantity=\"1\" class=\"button product_type_simple add_to_cart_button ajax_add_to_cart\" data-product_id=\"572\" data-product_sku=\"Serum za krajeve kose Monoi\" aria-label=\"Add to cart: &ldquo;Serum za krajeve kose Monoi&rdquo;\" rel=\"nofollow\" data-success_message=\"&ldquo;Serum za krajeve kose Monoi&rdquo; has been added to your cart\">Add to cart<\/a>\t<span id=\"woocommerce_loop_add_to_cart_link_describedby_572\" class=\"screen-reader-text\">\n\t\t\t<\/span>\n<\/li>\n<li class=\"product type-product post-560 status-publish instock product_cat-monoi-kolekcija product_cat-nega-kose product_tag-izdvojeno product_tag-krema-za-kosu product_tag-monoi product_tag-nega-kose has-post-thumbnail shipping-taxable purchasable product-type-simple\">\n\t<a href=\"https:\/\/klementina.rs\/en\/proizvod\/krema-za-kosu-monoi\/\" class=\"woocommerce-LoopProduct-link woocommerce-loop-product__link\"><img loading=\"lazy\" decoding=\"async\" width=\"300\" height=\"300\" src=\"https:\/\/klementina.rs\/wp-content\/uploads\/2021\/04\/monoi-krema-za-kosu-2-300x300.jpg\" class=\"attachment-woocommerce_thumbnail size-woocommerce_thumbnail\" alt=\"Krema za kosu Monoi\" srcset=\"https:\/\/klementina.rs\/wp-content\/uploads\/2021\/04\/monoi-krema-za-kosu-2-300x300.jpg 300w, https:\/\/klementina.rs\/wp-content\/uploads\/2021\/04\/monoi-krema-za-kosu-2-150x150.jpg 150w, https:\/\/klementina.rs\/wp-content\/uploads\/2021\/04\/monoi-krema-za-kosu-2-100x100.jpg 100w\" sizes=\"auto, (max-width: 300px) 100vw, 300px\" \/><h2 class=\"woocommerce-loop-product__title\">Krema za kosu Monoi<\/h2>\n\t<span class=\"price\"><span class=\"woocommerce-Price-amount amount\"><bdi>2.400,00&nbsp;<span class=\"woocommerce-Price-currencySymbol\">RSD<\/span><\/bdi><\/span><\/span>\n<\/a><a href=\"\/en\/wp-json\/wp\/v2\/pages\/1709?add-to-cart=560\" aria-describedby=\"woocommerce_loop_add_to_cart_link_describedby_560\" data-quantity=\"1\" class=\"button product_type_simple add_to_cart_button ajax_add_to_cart\" data-product_id=\"560\" data-product_sku=\"Krema za kosu Monoi\" aria-label=\"Add to cart: &ldquo;Krema za kosu Monoi&rdquo;\" rel=\"nofollow\" data-success_message=\"&ldquo;Krema za kosu Monoi&rdquo; has been added to your cart\">Add to cart<\/a>\t<span id=\"woocommerce_loop_add_to_cart_link_describedby_560\" class=\"screen-reader-text\">\n\t\t\t<\/span>\n<\/li>\n<li class=\"product type-product post-474 status-publish last instock product_cat-balzami product_cat-nega-kose product_cat-ylang product_tag-balzam-za-kosu product_tag-izdvojeno product_tag-nega-kose product_tag-regenerator product_tag-ylang-ylang has-post-thumbnail shipping-taxable purchasable product-type-simple\">\n\t<a href=\"https:\/\/klementina.rs\/en\/proizvod\/cvrsti-balzam-za-kosu-ylang\/\" class=\"woocommerce-LoopProduct-link woocommerce-loop-product__link\"><img loading=\"lazy\" decoding=\"async\" width=\"300\" height=\"300\" src=\"https:\/\/klementina.rs\/wp-content\/uploads\/2021\/04\/balzam-ylang-1-300x300.jpeg\" class=\"attachment-woocommerce_thumbnail size-woocommerce_thumbnail\" alt=\"\u010cvrsti balzam za kosu YLANG\" srcset=\"https:\/\/klementina.rs\/wp-content\/uploads\/2021\/04\/balzam-ylang-1-300x300.jpeg 300w, https:\/\/klementina.rs\/wp-content\/uploads\/2021\/04\/balzam-ylang-1-1024x1024.jpeg 1024w, https:\/\/klementina.rs\/wp-content\/uploads\/2021\/04\/balzam-ylang-1-150x150.jpeg 150w, https:\/\/klementina.rs\/wp-content\/uploads\/2021\/04\/balzam-ylang-1-768x768.jpeg 768w, https:\/\/klementina.rs\/wp-content\/uploads\/2021\/04\/balzam-ylang-1-980x980.jpeg 980w, https:\/\/klementina.rs\/wp-content\/uploads\/2021\/04\/balzam-ylang-1-480x480.jpeg 480w, https:\/\/klementina.rs\/wp-content\/uploads\/2021\/04\/balzam-ylang-1-600x600.jpeg 600w, https:\/\/klementina.rs\/wp-content\/uploads\/2021\/04\/balzam-ylang-1-100x100.jpeg 100w, https:\/\/klementina.rs\/wp-content\/uploads\/2021\/04\/balzam-ylang-1.jpeg 1080w\" sizes=\"auto, (max-width: 300px) 100vw, 300px\" \/><h2 class=\"woocommerce-loop-product__title\">\u010cvrsti balzam za kosu YLANG<\/h2>\n\t<span class=\"price\"><span class=\"woocommerce-Price-amount amount\"><bdi>900,00&nbsp;<span class=\"woocommerce-Price-currencySymbol\">RSD<\/span><\/bdi><\/span><\/span>\n<\/a><a href=\"\/en\/wp-json\/wp\/v2\/pages\/1709?add-to-cart=474\" aria-describedby=\"woocommerce_loop_add_to_cart_link_describedby_474\" data-quantity=\"1\" class=\"button product_type_simple add_to_cart_button ajax_add_to_cart\" data-product_id=\"474\" data-product_sku=\"\u010cvrsti balzam za kosu YLANG\" aria-label=\"Add to cart: &ldquo;\u010cvrsti balzam za kosu YLANG&rdquo;\" rel=\"nofollow\" data-success_message=\"&ldquo;\u010cvrsti balzam za kosu YLANG&rdquo; has been added to your cart\">Add to cart<\/a>\t<span id=\"woocommerce_loop_add_to_cart_link_describedby_474\" class=\"screen-reader-text\">\n\t\t\t<\/span>\n<\/li>\n<li class=\"product type-product post-462 status-publish first instock product_cat-nega-kose product_cat-samponi product_cat-sikakai product_tag-izdvojeno product_tag-kopriva product_tag-nega-kose product_tag-sampon has-post-thumbnail shipping-taxable purchasable product-type-variable\">\n\t<a href=\"https:\/\/klementina.rs\/en\/proizvod\/cvrsti-sampon-sikakai\/\" class=\"woocommerce-LoopProduct-link woocommerce-loop-product__link\"><img loading=\"lazy\" decoding=\"async\" width=\"300\" height=\"300\" src=\"https:\/\/klementina.rs\/wp-content\/uploads\/2021\/04\/sampon-sikakai-3-300x300.jpeg\" class=\"attachment-woocommerce_thumbnail size-woocommerce_thumbnail\" alt=\"\u010cvrsti \u0161ampon \u0160ikakai\" srcset=\"https:\/\/klementina.rs\/wp-content\/uploads\/2021\/04\/sampon-sikakai-3-300x300.jpeg 300w, https:\/\/klementina.rs\/wp-content\/uploads\/2021\/04\/sampon-sikakai-3-1024x1024.jpeg 1024w, https:\/\/klementina.rs\/wp-content\/uploads\/2021\/04\/sampon-sikakai-3-150x150.jpeg 150w, https:\/\/klementina.rs\/wp-content\/uploads\/2021\/04\/sampon-sikakai-3-768x768.jpeg 768w, https:\/\/klementina.rs\/wp-content\/uploads\/2021\/04\/sampon-sikakai-3-980x980.jpeg 980w, https:\/\/klementina.rs\/wp-content\/uploads\/2021\/04\/sampon-sikakai-3-480x480.jpeg 480w, https:\/\/klementina.rs\/wp-content\/uploads\/2021\/04\/sampon-sikakai-3-600x600.jpeg 600w, https:\/\/klementina.rs\/wp-content\/uploads\/2021\/04\/sampon-sikakai-3-100x100.jpeg 100w, https:\/\/klementina.rs\/wp-content\/uploads\/2021\/04\/sampon-sikakai-3.jpeg 1080w\" sizes=\"auto, (max-width: 300px) 100vw, 300px\" \/><h2 class=\"woocommerce-loop-product__title\">\u010cvrsti \u0161ampon \u0160ikakai<\/h2>\n\t<span class=\"price\"><span class=\"woocommerce-Price-amount amount\"><bdi>1.800,00&nbsp;<span class=\"woocommerce-Price-currencySymbol\">RSD<\/span><\/bdi><\/span><\/span>\n<\/a><a href=\"https:\/\/klementina.rs\/en\/proizvod\/cvrsti-sampon-sikakai\/\" aria-describedby=\"woocommerce_loop_add_to_cart_link_describedby_462\" data-quantity=\"1\" class=\"button product_type_variable add_to_cart_button\" data-product_id=\"462\" data-product_sku=\"\u010cvrsti \u0161ampon \u0160ikakai\" aria-label=\"Select options for &ldquo;\u010cvrsti \u0161ampon \u0160ikakai&rdquo;\" rel=\"nofollow\">Select options<\/a>\t<span id=\"woocommerce_loop_add_to_cart_link_describedby_462\" class=\"screen-reader-text\">\n\t\tThis product has multiple variants. The options may be chosen on the product page\t<\/span>\n<\/li>\n<li class=\"product type-product post-446 status-publish instock product_cat-kopriva product_cat-nega-kose product_cat-samponi product_tag-izdvojeno product_tag-kopriva product_tag-nega-kose product_tag-sampon has-post-thumbnail shipping-taxable purchasable product-type-variable\">\n\t<a href=\"https:\/\/klementina.rs\/en\/proizvod\/cvrsti-sampon-kopriva\/\" class=\"woocommerce-LoopProduct-link woocommerce-loop-product__link\"><img loading=\"lazy\" decoding=\"async\" width=\"300\" height=\"300\" src=\"https:\/\/klementina.rs\/wp-content\/uploads\/2021\/04\/sampon-kopriva-1-300x300.jpeg\" class=\"attachment-woocommerce_thumbnail size-woocommerce_thumbnail\" alt=\"\u010cvrsti \u0161ampon Kopriva\" srcset=\"https:\/\/klementina.rs\/wp-content\/uploads\/2021\/04\/sampon-kopriva-1-300x300.jpeg 300w, https:\/\/klementina.rs\/wp-content\/uploads\/2021\/04\/sampon-kopriva-1-1024x1024.jpeg 1024w, https:\/\/klementina.rs\/wp-content\/uploads\/2021\/04\/sampon-kopriva-1-150x150.jpeg 150w, https:\/\/klementina.rs\/wp-content\/uploads\/2021\/04\/sampon-kopriva-1-768x768.jpeg 768w, https:\/\/klementina.rs\/wp-content\/uploads\/2021\/04\/sampon-kopriva-1-980x980.jpeg 980w, https:\/\/klementina.rs\/wp-content\/uploads\/2021\/04\/sampon-kopriva-1-480x480.jpeg 480w, https:\/\/klementina.rs\/wp-content\/uploads\/2021\/04\/sampon-kopriva-1-600x600.jpeg 600w, https:\/\/klementina.rs\/wp-content\/uploads\/2021\/04\/sampon-kopriva-1-100x100.jpeg 100w, https:\/\/klementina.rs\/wp-content\/uploads\/2021\/04\/sampon-kopriva-1.jpeg 1080w\" sizes=\"auto, (max-width: 300px) 100vw, 300px\" \/><h2 class=\"woocommerce-loop-product__title\">\u010cvrsti \u0161ampon Kopriva<\/h2>\n\t<span class=\"price\"><span class=\"woocommerce-Price-amount amount\"><bdi>1.800,00&nbsp;<span class=\"woocommerce-Price-currencySymbol\">RSD<\/span><\/bdi><\/span><\/span>\n<\/a><a href=\"https:\/\/klementina.rs\/en\/proizvod\/cvrsti-sampon-kopriva\/\" aria-describedby=\"woocommerce_loop_add_to_cart_link_describedby_446\" data-quantity=\"1\" class=\"button product_type_variable add_to_cart_button\" data-product_id=\"446\" data-product_sku=\"\" aria-label=\"Select options for &ldquo;\u010cvrsti \u0161ampon Kopriva&rdquo;\" rel=\"nofollow\">Select options<\/a>\t<span id=\"woocommerce_loop_add_to_cart_link_describedby_446\" class=\"screen-reader-text\">\n\t\tThis product has multiple variants. The options may be chosen on the product page\t<\/span>\n<\/li>\n<li class=\"product type-product post-93 status-publish instock product_cat-balzami product_cat-hippy product_cat-nega-kose product_tag-balzam-za-kosu product_tag-izdvojeno product_tag-nega-kose product_tag-paculi product_tag-suva-kosa has-post-thumbnail shipping-taxable purchasable product-type-simple\">\n\t<a href=\"https:\/\/klementina.rs\/en\/proizvod\/cvrsti-balzam-za-kosu-hippy\/\" class=\"woocommerce-LoopProduct-link woocommerce-loop-product__link\"><img loading=\"lazy\" decoding=\"async\" width=\"300\" height=\"300\" src=\"https:\/\/klementina.rs\/wp-content\/uploads\/2021\/04\/balzam-hippie-300x300.jpeg\" class=\"attachment-woocommerce_thumbnail size-woocommerce_thumbnail\" alt=\"\u010cvrsti balzam za kosu Hippy\" srcset=\"https:\/\/klementina.rs\/wp-content\/uploads\/2021\/04\/balzam-hippie-300x300.jpeg 300w, https:\/\/klementina.rs\/wp-content\/uploads\/2021\/04\/balzam-hippie-1024x1024.jpeg 1024w, https:\/\/klementina.rs\/wp-content\/uploads\/2021\/04\/balzam-hippie-150x150.jpeg 150w, https:\/\/klementina.rs\/wp-content\/uploads\/2021\/04\/balzam-hippie-768x768.jpeg 768w, https:\/\/klementina.rs\/wp-content\/uploads\/2021\/04\/balzam-hippie-980x980.jpeg 980w, https:\/\/klementina.rs\/wp-content\/uploads\/2021\/04\/balzam-hippie-480x480.jpeg 480w, https:\/\/klementina.rs\/wp-content\/uploads\/2021\/04\/balzam-hippie-600x600.jpeg 600w, https:\/\/klementina.rs\/wp-content\/uploads\/2021\/04\/balzam-hippie-100x100.jpeg 100w, https:\/\/klementina.rs\/wp-content\/uploads\/2021\/04\/balzam-hippie.jpeg 1080w\" sizes=\"auto, (max-width: 300px) 100vw, 300px\" \/><h2 class=\"woocommerce-loop-product__title\">\u010cvrsti balzam za kosu Hippy<\/h2>\n\t<span class=\"price\"><span class=\"woocommerce-Price-amount amount\"><bdi>900,00&nbsp;<span class=\"woocommerce-Price-currencySymbol\">RSD<\/span><\/bdi><\/span><\/span>\n<\/a><a href=\"\/en\/wp-json\/wp\/v2\/pages\/1709?add-to-cart=93\" aria-describedby=\"woocommerce_loop_add_to_cart_link_describedby_93\" data-quantity=\"1\" class=\"button product_type_simple add_to_cart_button ajax_add_to_cart\" data-product_id=\"93\" data-product_sku=\"\u010cvrsti balzam za kosu Hippy\" aria-label=\"Add to cart: &ldquo;\u010cvrsti balzam za kosu Hippy&rdquo;\" rel=\"nofollow\" data-success_message=\"&ldquo;\u010cvrsti balzam za kosu Hippy&rdquo; has been added to your cart\">Add to cart<\/a>\t<span id=\"woocommerce_loop_add_to_cart_link_describedby_93\" class=\"screen-reader-text\">\n\t\t\t<\/span>\n<\/li>\n<\/ul>\n<\/div><\/div>\n","protected":false},"excerpt":{"rendered":"<p>Hair care Find products that will suit you<\/p>\n","protected":false},"author":5,"featured_media":0,"parent":0,"menu_order":0,"comment_status":"closed","ping_status":"closed","template":"template-kategorija.php","meta":{"footnotes":""},"class_list":["post-1709","page","type-page","status-publish","hentry"],"_links":{"self":[{"href":"https:\/\/klementina.rs\/en\/wp-json\/wp\/v2\/pages\/1709","targetHints":{"allow":["GET"]}}],"collection":[{"href":"https:\/\/klementina.rs\/en\/wp-json\/wp\/v2\/pages"}],"about":[{"href":"https:\/\/klementina.rs\/en\/wp-json\/wp\/v2\/types\/page"}],"author":[{"embeddable":true,"href":"https:\/\/klementina.rs\/en\/wp-json\/wp\/v2\/users\/5"}],"replies":[{"embeddable":true,"href":"https:\/\/klementina.rs\/en\/wp-json\/wp\/v2\/comments?post=1709"}],"version-history":[{"count":3,"href":"https:\/\/klementina.rs\/en\/wp-json\/wp\/v2\/pages\/1709\/revisions"}],"predecessor-version":[{"id":1721,"href":"https:\/\/klementina.rs\/en\/wp-json\/wp\/v2\/pages\/1709\/revisions\/1721"}],"wp:attachment":[{"href":"https:\/\/klementina.rs\/en\/wp-json\/wp\/v2\/media?parent=1709"}],"curies":[{"name":"wp","href":"https:\/\/api.w.org\/{rel}","templated":true}]}}