
{"id":100,"date":"2021-03-08T17:58:36","date_gmt":"2021-03-08T17:58:36","guid":{"rendered":"https:\/\/klementina.rs\/?post_type=product&#038;p=100"},"modified":"2025-10-02T11:35:59","modified_gmt":"2025-10-02T11:35:59","slug":"sapun-milkhoney","status":"publish","type":"product","link":"https:\/\/klementina.rs\/en\/proizvod\/sapun-milkhoney\/","title":{"rendered":"Sapun Milk &#038; Honey"},"content":{"rendered":"<ul>\n<li>Te\u017eina 135 g<\/li>\n<\/ul>\n","protected":false},"excerpt":{"rendered":"<ul>\n<li>Ne\u017ena aroma med i mleko pru\u017ea ose\u0107aj zadovoljstva I luksuzne nege.<\/li>\n<li>Odgovara svim tipovima ko\u017ee posebno suvoj zbog bogatog sastava poput<br \/>\nkakao i shea puter I biljnih ulja masline, kokosa, ricinusa.<\/li>\n<li>Etarsko ulje mandarine daje ose\u0107aj sve\u017eine.<\/li>\n<li>Te\u017eina 135g<\/li>\n<\/ul>\n","protected":false},"featured_media":2175,"template":"","meta":[],"product_brand":[],"product_cat":[102],"product_tag":[],"class_list":{"0":"post-100","1":"product","2":"type-product","3":"status-publish","4":"has-post-thumbnail","6":"product_cat-sapuni","8":"first","9":"instock","10":"shipping-taxable","11":"purchasable","12":"product-type-simple"},"_links":{"self":[{"href":"https:\/\/klementina.rs\/en\/wp-json\/wp\/v2\/product\/100","targetHints":{"allow":["GET"]}}],"collection":[{"href":"https:\/\/klementina.rs\/en\/wp-json\/wp\/v2\/product"}],"about":[{"href":"https:\/\/klementina.rs\/en\/wp-json\/wp\/v2\/types\/product"}],"wp:featuredmedia":[{"embeddable":true,"href":"https:\/\/klementina.rs\/en\/wp-json\/wp\/v2\/media\/2175"}],"wp:attachment":[{"href":"https:\/\/klementina.rs\/en\/wp-json\/wp\/v2\/media?parent=100"}],"wp:term":[{"taxonomy":"product_brand","embeddable":true,"href":"https:\/\/klementina.rs\/en\/wp-json\/wp\/v2\/product_brand?post=100"},{"taxonomy":"product_cat","embeddable":true,"href":"https:\/\/klementina.rs\/en\/wp-json\/wp\/v2\/product_cat?post=100"},{"taxonomy":"product_tag","embeddable":true,"href":"https:\/\/klementina.rs\/en\/wp-json\/wp\/v2\/product_tag?post=100"}],"curies":[{"name":"wp","href":"https:\/\/api.w.org\/{rel}","templated":true}]}}