
{"id":159,"date":"2023-07-10T20:59:30","date_gmt":"2023-07-10T20:59:30","guid":{"rendered":"https:\/\/klementina.rs\/?post_type=product&#038;p=159"},"modified":"2025-10-02T11:22:12","modified_gmt":"2025-10-02T11:22:12","slug":"smilje-cvetna-vodica","status":"publish","type":"product","link":"https:\/\/klementina.rs\/en\/proizvod\/smilje-cvetna-vodica\/","title":{"rendered":"Smilje cvetna vodica"},"content":{"rendered":"<p>Na\u010din primene: Cvetnu vodicu naprskati na ko\u017eu i o\u010distiti lice tuferom. Zatim ga direktno naprskati na lice i dok je ko\u017ea jo\u0161 uvek vla\u017ena na lice naneti kremu ili ulje za negu.<\/p>\n<p>Pakovanje: 100ml<\/p>\n","protected":false},"excerpt":{"rendered":"<p>&nbsp;<\/p>\n<ul>\n<li>Smilje cvetna vodica se koristi za negu, \u010di\u0161\u0107enje i dodatnu hidrataciju svih tipova ko\u017ee. Posebno je dobar za umirenje iritirane i osetljive ko\u017ee, kao i za negu zrele ko\u017ee. Deluje protivupalno, pospe\u0161uje zaceljivanje rana i spre\u010dava nastanak o\u017eiljaka.<\/li>\n<li>Odli\u010dno je sredstvo za ubla\u017eavanje modrica ili otoka na ko\u017ei. Koristi se umesto tonika za lice ili kao vodena faza prilikom pripreme maski ili upotrebe ulja za negu ko\u017ee.<\/li>\n<li>U letnjem periodu mo\u017ee se koristiti za osve\u017eavanje ko\u017ee lica i tela tokom i posle sun\u010danja.<\/li>\n<\/ul>\n","protected":false},"featured_media":2180,"template":"","meta":[],"product_brand":[],"product_cat":[106,112,25,121,22,107],"product_tag":[64,59,58],"class_list":{"0":"post-159","1":"product","2":"type-product","3":"status-publish","4":"has-post-thumbnail","6":"product_cat-aroma-mist","7":"product_cat-aroma-tonic-detox","8":"product_cat-aromaterapija","9":"product_cat-cvetne-vodice","10":"product_cat-nega-lica","11":"product_cat-smilje-kolekcija","12":"product_tag-hidrolat","13":"product_tag-nega-lica","14":"product_tag-smilje","16":"first","17":"instock","18":"shipping-taxable","19":"purchasable","20":"product-type-simple"},"_links":{"self":[{"href":"https:\/\/klementina.rs\/en\/wp-json\/wp\/v2\/product\/159","targetHints":{"allow":["GET"]}}],"collection":[{"href":"https:\/\/klementina.rs\/en\/wp-json\/wp\/v2\/product"}],"about":[{"href":"https:\/\/klementina.rs\/en\/wp-json\/wp\/v2\/types\/product"}],"wp:featuredmedia":[{"embeddable":true,"href":"https:\/\/klementina.rs\/en\/wp-json\/wp\/v2\/media\/2180"}],"wp:attachment":[{"href":"https:\/\/klementina.rs\/en\/wp-json\/wp\/v2\/media?parent=159"}],"wp:term":[{"taxonomy":"product_brand","embeddable":true,"href":"https:\/\/klementina.rs\/en\/wp-json\/wp\/v2\/product_brand?post=159"},{"taxonomy":"product_cat","embeddable":true,"href":"https:\/\/klementina.rs\/en\/wp-json\/wp\/v2\/product_cat?post=159"},{"taxonomy":"product_tag","embeddable":true,"href":"https:\/\/klementina.rs\/en\/wp-json\/wp\/v2\/product_tag?post=159"}],"curies":[{"name":"wp","href":"https:\/\/api.w.org\/{rel}","templated":true}]}}