
{"id":1844,"date":"2023-01-22T17:51:48","date_gmt":"2023-01-22T17:51:48","guid":{"rendered":"https:\/\/klementinanovo.develop.in.rs\/?post_type=product&#038;p=1844"},"modified":"2025-10-02T11:33:44","modified_gmt":"2025-10-02T11:33:44","slug":"monoi-maska","status":"publish","type":"product","link":"https:\/\/klementina.rs\/en\/proizvod\/monoi-maska\/","title":{"rendered":"Monoi Maska"},"content":{"rendered":"","protected":false},"excerpt":{"rendered":"<p>Monoi Maska za kosu je kremasta bogata formula koja oporavlja, neguje i \u010dini kosu sjajnom i mirisnom.<\/p>\n<p>Macerat ne\u017enih belih cvetova sa Tahitija u kokosovom ulju, tradicionalno neguje ko\u017eu i kosu tahi\u0107anki a posebno je cenjen zbog zavodljivog mirisa.<\/p>\n<p>Superiorna me\u0161avina sastojaka s predivnih koralnih obala ostrva Polinezije, u sebi sadr\u017ei ulja pulmerije, kokosa i monoi ulje, koja intenzivno neguju ko\u017eu, te uspostavljaju mir i harmoniju uma.<\/p>\n<p>Pantenol je poznat kao sastojak koji se naj\u010de\u0161\u0107e koristi za hidrataciju ko\u017ee i kose. Ima sposobnost da za sebe vezuje vodu i na taj na\u010din \u0161titi kosu i ko\u017eu od prekomernog isu\u0161ivanja.<\/p>\n<p>Zahvaljuju\u0107i svojim mo\u0107nim svojstvima, pantenol je dobar izbor i za sve koji imaju tanku i retku kosu. Monoi Maska oboga\u0107ena je D-pantenolom koji intenzivno hrani kosu, pove\u0107ava cirkulaciju krvi i pospe\u0161uje implementaciju hranljivih sastojaka u vlasi i ko\u017eu glave. Na taj na\u010din se podsti\u010de zdrav rast novih dlaka i pove\u0107ava volumen postoje\u0107ih. Zahvaljuju\u0107i redovnoj upotrebi proizvoda sa pantenolom tanka kosa mo\u017ee biti zanosna.<\/p>\n<p>Monoi Maska na bazi pantenola omogu\u0107avaju ja\u010danje i obnavljanje slabe i tanke kose, sklone pucanju i opadanju. Olak\u0161avaju ra\u0161\u010de\u0161ljavanje kose, daju\u0107i joj fleksibilnost i meko\u0107u ve\u0107 nakon prve upotrebe. Time se znatno smanjuje pucanje vlasi.<\/p>\n<p>Pakovanje 200ml<\/p>\n","protected":false},"featured_media":2947,"template":"","meta":[],"product_brand":[],"product_cat":[108,24],"product_tag":[],"class_list":{"0":"post-1844","1":"product","2":"type-product","3":"status-publish","4":"has-post-thumbnail","6":"product_cat-monoi-kolekcija","7":"product_cat-nega-kose","9":"first","10":"instock","11":"shipping-taxable","12":"purchasable","13":"product-type-simple"},"_links":{"self":[{"href":"https:\/\/klementina.rs\/en\/wp-json\/wp\/v2\/product\/1844","targetHints":{"allow":["GET"]}}],"collection":[{"href":"https:\/\/klementina.rs\/en\/wp-json\/wp\/v2\/product"}],"about":[{"href":"https:\/\/klementina.rs\/en\/wp-json\/wp\/v2\/types\/product"}],"wp:featuredmedia":[{"embeddable":true,"href":"https:\/\/klementina.rs\/en\/wp-json\/wp\/v2\/media\/2947"}],"wp:attachment":[{"href":"https:\/\/klementina.rs\/en\/wp-json\/wp\/v2\/media?parent=1844"}],"wp:term":[{"taxonomy":"product_brand","embeddable":true,"href":"https:\/\/klementina.rs\/en\/wp-json\/wp\/v2\/product_brand?post=1844"},{"taxonomy":"product_cat","embeddable":true,"href":"https:\/\/klementina.rs\/en\/wp-json\/wp\/v2\/product_cat?post=1844"},{"taxonomy":"product_tag","embeddable":true,"href":"https:\/\/klementina.rs\/en\/wp-json\/wp\/v2\/product_tag?post=1844"}],"curies":[{"name":"wp","href":"https:\/\/api.w.org\/{rel}","templated":true}]}}