
{"id":2168,"date":"2023-05-29T16:38:09","date_gmt":"2023-05-29T16:38:09","guid":{"rendered":"https:\/\/klementina.rs\/?post_type=product&#038;p=2168"},"modified":"2025-10-02T11:35:28","modified_gmt":"2025-10-02T11:35:28","slug":"baby-blue","status":"publish","type":"product","link":"https:\/\/klementina.rs\/en\/proizvod\/baby-blue\/","title":{"rendered":"Baby blue"},"content":{"rendered":"","protected":false},"excerpt":{"rendered":"<p>Parfemska kompozicija sa o\u0161trim osve\u017eavaju\u0107im mirisom bergamota i tonovima morskih dubina koje podse\u0107aju na poznati perfem &#8220;Light blue&#8221;.<br \/>\nOdgovara svim tipovima ko\u017ee.<br \/>\nGrama\u017ea 130g<\/p>\n","protected":false},"featured_media":2169,"template":"","meta":[],"product_brand":[],"product_cat":[102],"product_tag":[],"class_list":{"0":"post-2168","1":"product","2":"type-product","3":"status-publish","4":"has-post-thumbnail","6":"product_cat-sapuni","8":"first","9":"instock","10":"shipping-taxable","11":"purchasable","12":"product-type-simple"},"_links":{"self":[{"href":"https:\/\/klementina.rs\/en\/wp-json\/wp\/v2\/product\/2168","targetHints":{"allow":["GET"]}}],"collection":[{"href":"https:\/\/klementina.rs\/en\/wp-json\/wp\/v2\/product"}],"about":[{"href":"https:\/\/klementina.rs\/en\/wp-json\/wp\/v2\/types\/product"}],"wp:featuredmedia":[{"embeddable":true,"href":"https:\/\/klementina.rs\/en\/wp-json\/wp\/v2\/media\/2169"}],"wp:attachment":[{"href":"https:\/\/klementina.rs\/en\/wp-json\/wp\/v2\/media?parent=2168"}],"wp:term":[{"taxonomy":"product_brand","embeddable":true,"href":"https:\/\/klementina.rs\/en\/wp-json\/wp\/v2\/product_brand?post=2168"},{"taxonomy":"product_cat","embeddable":true,"href":"https:\/\/klementina.rs\/en\/wp-json\/wp\/v2\/product_cat?post=2168"},{"taxonomy":"product_tag","embeddable":true,"href":"https:\/\/klementina.rs\/en\/wp-json\/wp\/v2\/product_tag?post=2168"}],"curies":[{"name":"wp","href":"https:\/\/api.w.org\/{rel}","templated":true}]}}