
{"id":2400,"date":"2023-08-30T06:39:24","date_gmt":"2023-08-30T06:39:24","guid":{"rendered":"https:\/\/klementina.rs\/?post_type=product&#038;p=2400"},"modified":"2025-10-02T11:30:17","modified_gmt":"2025-10-02T11:30:17","slug":"frangipani-mist","status":"publish","type":"product","link":"https:\/\/klementina.rs\/en\/proizvod\/frangipani-mist\/","title":{"rendered":"Frangipani Mist"},"content":{"rendered":"","protected":false},"excerpt":{"rendered":"<p>Frangipani je veoma mirisni i neguju\u0107i cvet \u0161to ga \u010dini klju\u010dnim sastojkom u nizu osnovnih sredstava za negu lepote. Frangipani kozmeti\u010dki proizvodi vas podmla\u0111uju iznutra i \u010dine da izgledate i osec\u0301ate se mladala\u010dki. Eteri\u010dno ulje Frangipani zauzima klju\u010dno mesto u aromaterapiji zahvaljujuc\u0301i svom romanti\u010dnom i stimulativnom mirisu koji pobolj\u0161ava um i telo. Poznato je da ubla\u017eava upale, glavobolju, bolove u le\u0111ima i tinitus. Dok afrodizija\u010dka priroda ovog ulja opu\u0161ta nervni sistem, mi\u0161ic\u0301e i podsti\u010de libido. Pro\u017eet jakim antioksidativnim i antiinflamatornim osobinama, cvet frangipanija je koristan u podizanju op\u0161teg zdravlja i blagostanja. Pa, kozmeti\u010dki proizvodi pro\u017eeti cvetovima frangipanija ostavljaju va\u0161u ko\u017eu mekom i blistavom.<\/p>\n<p>Bogat, sna\u017ean i egzoti\u010dan miris esencijalnog ulja frangipanija se \u0161iroko koristi u parfimeriji<br \/>\nPrirodne adstringentne osobine poma\u017eu u vla\u017eenju suve ko\u017ee \u010dinec\u0301i je mekom, gipkom i sjajnom<br \/>\nAktivnost dubinskog \u010di\u0161c\u0301enja ovog ulja poma\u017ee u \u010di\u0161c\u0301enju ne\u010distoc\u0301a, prljav\u0161tine iznutra ko\u017ee i od\u010depljivanju pora<br \/>\nSna\u017ena antiinflamatorna i pro\u010di\u0161c\u0301avajuc\u0301a svojstva esencijalnog ulja frangipanija su dragocena u bledenju pigmentacije ko\u017ee i \u010dini ko\u017eu bez mrlja<br \/>\nAdstringentno svojstvo je dragoceno u ja\u010danju folikula dlake i \u0161titi kosu od UV o\u0161tec\u0301enja i odr\u017eava vlasi\u0161te hidriranim i spre\u010dava perut<br \/>\nSedativni efekat esencijalnog ulja frangipanija koristi se kao inhalator ili ulje za difuziju za smirivanje uma, ubla\u017eavanje stresa i izazivanje zdravog sna.<br \/>\nSkladi\u0161te antioksidanata, poma\u017ee u eliminaciji \u0161tetnih toksina i slobodnih radikala iz oksidacije zdravih c\u0301elija ko\u017ee i podi\u017ee zdravlje ko\u017ee<br \/>\nCenjen je kao najbolji prirodni parfem na svetu zbog svog senzualnog i egzoti\u010dnog mirisa i dodaje da se nalazi u bogatom nizu proizvoda za negu ko\u017ee poput krema, losiona i osnovnih sredstava za negu kose.<\/p>\n<p>Sastav: voda, hidrolat frangipani, etarsko ulje frangipani, biljni glicerin.<\/p>\n<p>Pakovanje: 50ml<\/p>\n","protected":false},"featured_media":3147,"template":"","meta":[],"product_brand":[],"product_cat":[112,121,22,23],"product_tag":[],"class_list":{"0":"post-2400","1":"product","2":"type-product","3":"status-publish","4":"has-post-thumbnail","6":"product_cat-aroma-tonic-detox","7":"product_cat-cvetne-vodice","8":"product_cat-nega-lica","9":"product_cat-nega-tela","11":"first","12":"instock","13":"shipping-taxable","14":"purchasable","15":"product-type-simple"},"_links":{"self":[{"href":"https:\/\/klementina.rs\/en\/wp-json\/wp\/v2\/product\/2400","targetHints":{"allow":["GET"]}}],"collection":[{"href":"https:\/\/klementina.rs\/en\/wp-json\/wp\/v2\/product"}],"about":[{"href":"https:\/\/klementina.rs\/en\/wp-json\/wp\/v2\/types\/product"}],"wp:featuredmedia":[{"embeddable":true,"href":"https:\/\/klementina.rs\/en\/wp-json\/wp\/v2\/media\/3147"}],"wp:attachment":[{"href":"https:\/\/klementina.rs\/en\/wp-json\/wp\/v2\/media?parent=2400"}],"wp:term":[{"taxonomy":"product_brand","embeddable":true,"href":"https:\/\/klementina.rs\/en\/wp-json\/wp\/v2\/product_brand?post=2400"},{"taxonomy":"product_cat","embeddable":true,"href":"https:\/\/klementina.rs\/en\/wp-json\/wp\/v2\/product_cat?post=2400"},{"taxonomy":"product_tag","embeddable":true,"href":"https:\/\/klementina.rs\/en\/wp-json\/wp\/v2\/product_tag?post=2400"}],"curies":[{"name":"wp","href":"https:\/\/api.w.org\/{rel}","templated":true}]}}