
{"id":2574,"date":"2023-12-02T18:10:24","date_gmt":"2023-12-02T18:10:24","guid":{"rendered":"https:\/\/klementina.rs\/?post_type=product&#038;p=2574"},"modified":"2025-10-02T11:29:29","modified_gmt":"2025-10-02T11:29:29","slug":"mazalica-black-vanila","status":"publish","type":"product","link":"https:\/\/klementina.rs\/en\/proizvod\/mazalica-black-vanila\/","title":{"rendered":"Mazalica BLACK VANILA"},"content":{"rendered":"","protected":false},"excerpt":{"rendered":"<div dir=\"auto\">Mazalica je \u010dvrsta krema koja se topi na temperaturi tela, neguje i oporavlja ko\u017eu tela i kosu.<\/div>\n<div dir=\"auto\"><\/div>\n<div dir=\"auto\">Sastavljena je od kakao i shea putera koji regeneri\u0161u ko\u017eu nakon prvog mazanja i \u010dine je mirisnom i mekom.<\/div>\n<div dir=\"auto\"><\/div>\n<div dir=\"auto\">Miris kakao putera zajedno sa mirisom black vanile \u010dini ovaj proizvod neodoljivim zbog senzualnog mirisa poput najlep\u0161ih parfema.<\/div>\n<div dir=\"auto\"><\/div>\n<div dir=\"auto\">Mazalica je upakovavana u drvenoj kutijici lepog dizajna u kojoj se proizvod \u010duva i savr\u0161ena je kao poklon kao i za putovanja!<\/div>\n<div dir=\"auto\"><\/div>\n<div dir=\"auto\">\n<div dir=\"auto\">Mazalica pripada &#8220;zero waste&#8221; programu &#8220;bez otpada&#8221; jer ne ostavlja plasti\u010dnu ambala\u017eu nakon upotrebe, ekolo\u0161ki je proizvod koji je prsktican za putovanja<\/div>\n<div dir=\"auto\"><\/div>\n<\/div>\n<div dir=\"auto\"><\/div>\n<div dir=\"auto\">Te\u017eina 80g<\/div>\n","protected":false},"featured_media":2580,"template":"","meta":[],"product_brand":[],"product_cat":[124,22],"product_tag":[],"class_list":{"0":"post-2574","1":"product","2":"type-product","3":"status-publish","4":"has-post-thumbnail","6":"product_cat-mazalice-puteri","7":"product_cat-nega-lica","9":"first","10":"instock","11":"shipping-taxable","12":"purchasable","13":"product-type-simple"},"_links":{"self":[{"href":"https:\/\/klementina.rs\/en\/wp-json\/wp\/v2\/product\/2574","targetHints":{"allow":["GET"]}}],"collection":[{"href":"https:\/\/klementina.rs\/en\/wp-json\/wp\/v2\/product"}],"about":[{"href":"https:\/\/klementina.rs\/en\/wp-json\/wp\/v2\/types\/product"}],"wp:featuredmedia":[{"embeddable":true,"href":"https:\/\/klementina.rs\/en\/wp-json\/wp\/v2\/media\/2580"}],"wp:attachment":[{"href":"https:\/\/klementina.rs\/en\/wp-json\/wp\/v2\/media?parent=2574"}],"wp:term":[{"taxonomy":"product_brand","embeddable":true,"href":"https:\/\/klementina.rs\/en\/wp-json\/wp\/v2\/product_brand?post=2574"},{"taxonomy":"product_cat","embeddable":true,"href":"https:\/\/klementina.rs\/en\/wp-json\/wp\/v2\/product_cat?post=2574"},{"taxonomy":"product_tag","embeddable":true,"href":"https:\/\/klementina.rs\/en\/wp-json\/wp\/v2\/product_tag?post=2574"}],"curies":[{"name":"wp","href":"https:\/\/api.w.org\/{rel}","templated":true}]}}