
{"id":2736,"date":"2024-03-30T06:15:18","date_gmt":"2024-03-30T06:15:18","guid":{"rendered":"https:\/\/klementina.rs\/?post_type=product&#038;p=2736"},"modified":"2025-10-02T11:35:21","modified_gmt":"2025-10-02T11:35:21","slug":"amber-i-bor","status":"publish","type":"product","link":"https:\/\/klementina.rs\/en\/proizvod\/amber-i-bor\/","title":{"rendered":"Amber i Bor"},"content":{"rendered":"","protected":false},"excerpt":{"rendered":"<div dir=\"auto\">Sapun koji svojim mirisom ambera i eteri\u010dnim uljem belog bora osvaja sve koji vole drvenaste mirise koji odi\u0161u toplinom a ujedno osve\u0161\u0107uju duboko disanje i vode u misti\u010dne delove uma koji putuje u daleke zemlje orijentalne slobode.<\/div>\n<div dir=\"auto\"><\/div>\n<div dir=\"auto\">Sapun je za sve tipove ko\u017ee, ostavljaju\u0107i neodoljivi miris i svilenkastu ko\u017eu.<\/div>\n<div dir=\"auto\"><\/div>\n<div dir=\"auto\">130g<\/div>\n","protected":false},"featured_media":2737,"template":"","meta":[],"product_brand":[],"product_cat":[23,102],"product_tag":[],"class_list":{"0":"post-2736","1":"product","2":"type-product","3":"status-publish","4":"has-post-thumbnail","6":"product_cat-nega-tela","7":"product_cat-sapuni","9":"first","10":"instock","11":"shipping-taxable","12":"purchasable","13":"product-type-simple"},"_links":{"self":[{"href":"https:\/\/klementina.rs\/en\/wp-json\/wp\/v2\/product\/2736","targetHints":{"allow":["GET"]}}],"collection":[{"href":"https:\/\/klementina.rs\/en\/wp-json\/wp\/v2\/product"}],"about":[{"href":"https:\/\/klementina.rs\/en\/wp-json\/wp\/v2\/types\/product"}],"wp:featuredmedia":[{"embeddable":true,"href":"https:\/\/klementina.rs\/en\/wp-json\/wp\/v2\/media\/2737"}],"wp:attachment":[{"href":"https:\/\/klementina.rs\/en\/wp-json\/wp\/v2\/media?parent=2736"}],"wp:term":[{"taxonomy":"product_brand","embeddable":true,"href":"https:\/\/klementina.rs\/en\/wp-json\/wp\/v2\/product_brand?post=2736"},{"taxonomy":"product_cat","embeddable":true,"href":"https:\/\/klementina.rs\/en\/wp-json\/wp\/v2\/product_cat?post=2736"},{"taxonomy":"product_tag","embeddable":true,"href":"https:\/\/klementina.rs\/en\/wp-json\/wp\/v2\/product_tag?post=2736"}],"curies":[{"name":"wp","href":"https:\/\/api.w.org\/{rel}","templated":true}]}}