
{"id":2911,"date":"2024-07-08T20:27:32","date_gmt":"2024-07-08T20:27:32","guid":{"rendered":"https:\/\/klementina.rs\/?post_type=product&#038;p=2911"},"modified":"2025-12-25T11:52:38","modified_gmt":"2025-12-25T11:52:38","slug":"beauty-gloss-suvo-ulje","status":"publish","type":"product","link":"https:\/\/klementina.rs\/en\/proizvod\/beauty-gloss-suvo-ulje\/","title":{"rendered":"BEAUTY GLOSS &#8211; Suvo ulje"},"content":{"rendered":"","protected":false},"excerpt":{"rendered":"<p>Suvo ulje sa prirodnim \u0161ljokicama iz \u0161koljki za beauty negu ko\u017ee tela ali i lica jer sadr\u017ei kvalitetna hladno ce\u0111ena ulja koja brzo upijaju a ko\u017eu \u010dine svilenkastom, sjajnom i mekom.<\/p>\n<p>Sadr\u017ei ulje le\u0161nika, macerat smillja i urukuma i vitamin E sa dodatkom elegantnih \u0161ljokica koje ko\u017eu \u010dine zavodnom uz najlep\u0161i miris black vanile.<\/p>\n<p>Pakovanje: 30ml<\/p>\n","protected":false},"featured_media":3143,"template":"","meta":[],"product_brand":[],"product_cat":[109,124,23],"product_tag":[],"class_list":{"0":"post-2911","1":"product","2":"type-product","3":"status-publish","4":"has-post-thumbnail","6":"product_cat-letnja-kolekcija","7":"product_cat-mazalice-puteri","8":"product_cat-nega-tela","10":"first","11":"instock","12":"shipping-taxable","13":"purchasable","14":"product-type-simple"},"_links":{"self":[{"href":"https:\/\/klementina.rs\/en\/wp-json\/wp\/v2\/product\/2911","targetHints":{"allow":["GET"]}}],"collection":[{"href":"https:\/\/klementina.rs\/en\/wp-json\/wp\/v2\/product"}],"about":[{"href":"https:\/\/klementina.rs\/en\/wp-json\/wp\/v2\/types\/product"}],"wp:featuredmedia":[{"embeddable":true,"href":"https:\/\/klementina.rs\/en\/wp-json\/wp\/v2\/media\/3143"}],"wp:attachment":[{"href":"https:\/\/klementina.rs\/en\/wp-json\/wp\/v2\/media?parent=2911"}],"wp:term":[{"taxonomy":"product_brand","embeddable":true,"href":"https:\/\/klementina.rs\/en\/wp-json\/wp\/v2\/product_brand?post=2911"},{"taxonomy":"product_cat","embeddable":true,"href":"https:\/\/klementina.rs\/en\/wp-json\/wp\/v2\/product_cat?post=2911"},{"taxonomy":"product_tag","embeddable":true,"href":"https:\/\/klementina.rs\/en\/wp-json\/wp\/v2\/product_tag?post=2911"}],"curies":[{"name":"wp","href":"https:\/\/api.w.org\/{rel}","templated":true}]}}