
{"id":3133,"date":"2024-10-15T15:10:53","date_gmt":"2024-10-15T15:10:53","guid":{"rendered":"https:\/\/klementina.rs\/?post_type=product&#038;p=3133"},"modified":"2025-10-02T11:34:34","modified_gmt":"2025-10-02T11:34:34","slug":"4flowers4lovers","status":"publish","type":"product","link":"https:\/\/klementina.rs\/en\/proizvod\/4flowers4lovers\/","title":{"rendered":"4Flowers4Lovers"},"content":{"rendered":"","protected":false},"excerpt":{"rendered":"<p>Jedinstvenost ovog sapuna krije se u kombinaciji luksuznih cvetova koji su visoke vibracije i sa damskim dodirom mirisnih nota koji opu\u0161taju sva \u010dula.<\/p>\n<p>Odgovara svim tipovima ko\u017ee \u010dine\u0107i je mirisnom i mekom.<\/p>\n<p>Cvetovi koji ple\u0161u u ovom sapunu su<br \/>\nLotos, Monoi, Ylang-Ylang i Frangipani.<\/p>\n<p>SASTAV: saponifikovano ulje masline, kokosa, ricinusa, shea putera, cvetovi lotosa, miris Monoi i etarska ulja Ylang-Ylang i Frangipani.<\/p>\n","protected":false},"featured_media":3134,"template":"","meta":[],"product_brand":[],"product_cat":[102],"product_tag":[],"class_list":{"0":"post-3133","1":"product","2":"type-product","3":"status-publish","4":"has-post-thumbnail","6":"product_cat-sapuni","8":"first","9":"instock","10":"shipping-taxable","11":"purchasable","12":"product-type-simple"},"_links":{"self":[{"href":"https:\/\/klementina.rs\/en\/wp-json\/wp\/v2\/product\/3133","targetHints":{"allow":["GET"]}}],"collection":[{"href":"https:\/\/klementina.rs\/en\/wp-json\/wp\/v2\/product"}],"about":[{"href":"https:\/\/klementina.rs\/en\/wp-json\/wp\/v2\/types\/product"}],"wp:featuredmedia":[{"embeddable":true,"href":"https:\/\/klementina.rs\/en\/wp-json\/wp\/v2\/media\/3134"}],"wp:attachment":[{"href":"https:\/\/klementina.rs\/en\/wp-json\/wp\/v2\/media?parent=3133"}],"wp:term":[{"taxonomy":"product_brand","embeddable":true,"href":"https:\/\/klementina.rs\/en\/wp-json\/wp\/v2\/product_brand?post=3133"},{"taxonomy":"product_cat","embeddable":true,"href":"https:\/\/klementina.rs\/en\/wp-json\/wp\/v2\/product_cat?post=3133"},{"taxonomy":"product_tag","embeddable":true,"href":"https:\/\/klementina.rs\/en\/wp-json\/wp\/v2\/product_tag?post=3133"}],"curies":[{"name":"wp","href":"https:\/\/api.w.org\/{rel}","templated":true}]}}