
{"id":3559,"date":"2025-07-20T15:10:01","date_gmt":"2025-07-20T15:10:01","guid":{"rendered":"https:\/\/klementina.rs\/?post_type=product&#038;p=3559"},"modified":"2026-03-04T11:30:37","modified_gmt":"2026-03-04T11:30:37","slug":"amber-puter","status":"publish","type":"product","link":"https:\/\/klementina.rs\/en\/proizvod\/amber-puter\/","title":{"rendered":"Amber puter"},"content":{"rendered":"<div dir=\"auto\">Puter za telo koji je osvojio mnoge zbog svog jedinstveno &#8211; zavodljivog, toplog mirisa sa dodatkom mineralnog pigmenta i \u0161ljokica koje \u010dine ko\u017eu tamnijom i poma\u017eu tokom sun\u010danja da ostvarite najlep\u0161i ten.<\/div>\n<div dir=\"auto\"><\/div>\n<div dir=\"auto\">Sadr\u017ei putere i ulja koji na prirodan na\u010din \u0161tite ko\u017eu od isu\u0161ivanja, neguju\u0107i je i \u010dine\u0107i mirisnom i svilenkastom.<\/div>\n<div dir=\"auto\"><\/div>\n<div dir=\"auto\">Bogat sastav kakao i shea putera da dodatkom urukum ulja, vitamina E, ekstrat pasjeg trna i mirisom ambera \u010dine ovu formulu nezamenljivom tokom letnjeg perioda.<\/div>\n<div dir=\"auto\"><\/div>\n<div dir=\"auto\">Pakovanje 150ml<\/div>\n","protected":false},"excerpt":{"rendered":"<p>Puter za telo koji je osvojio mnoge zbog svog jedinstveno &#8211; zavodljivog, toplog mirisa sa dodatkom mineralnog pigmenta i \u0161ljokica koje \u010dine ko\u017eu tamnijom i poma\u017eu tokom sun\u010danja da ostvarite najlep\u0161i ten. Sadr\u017ei putere i ulja koji na prirodan na\u010din \u0161tite ko\u017eu od isu\u0161ivanja, neguju\u0107i je i \u010dine\u0107i mirisnom i svilenkastom. Bogat sastav [&hellip;]<\/p>\n","protected":false},"featured_media":3564,"template":"","meta":[],"product_brand":[],"product_cat":[109,124],"product_tag":[],"class_list":{"0":"post-3559","1":"product","2":"type-product","3":"status-publish","4":"has-post-thumbnail","6":"product_cat-letnja-kolekcija","7":"product_cat-mazalice-puteri","9":"first","10":"outofstock","11":"shipping-taxable","12":"purchasable","13":"product-type-simple"},"_links":{"self":[{"href":"https:\/\/klementina.rs\/en\/wp-json\/wp\/v2\/product\/3559","targetHints":{"allow":["GET"]}}],"collection":[{"href":"https:\/\/klementina.rs\/en\/wp-json\/wp\/v2\/product"}],"about":[{"href":"https:\/\/klementina.rs\/en\/wp-json\/wp\/v2\/types\/product"}],"wp:featuredmedia":[{"embeddable":true,"href":"https:\/\/klementina.rs\/en\/wp-json\/wp\/v2\/media\/3564"}],"wp:attachment":[{"href":"https:\/\/klementina.rs\/en\/wp-json\/wp\/v2\/media?parent=3559"}],"wp:term":[{"taxonomy":"product_brand","embeddable":true,"href":"https:\/\/klementina.rs\/en\/wp-json\/wp\/v2\/product_brand?post=3559"},{"taxonomy":"product_cat","embeddable":true,"href":"https:\/\/klementina.rs\/en\/wp-json\/wp\/v2\/product_cat?post=3559"},{"taxonomy":"product_tag","embeddable":true,"href":"https:\/\/klementina.rs\/en\/wp-json\/wp\/v2\/product_tag?post=3559"}],"curies":[{"name":"wp","href":"https:\/\/api.w.org\/{rel}","templated":true}]}}