
{"id":387,"date":"2023-07-01T10:46:48","date_gmt":"2023-07-01T10:46:48","guid":{"rendered":"https:\/\/klementina.rs\/?post_type=product&#038;p=387"},"modified":"2025-10-02T11:30:58","modified_gmt":"2025-10-02T11:30:58","slug":"ruza-cvetna-vodica","status":"publish","type":"product","link":"https:\/\/klementina.rs\/en\/proizvod\/ruza-cvetna-vodica\/","title":{"rendered":"Ru\u017ea cvetna vodica"},"content":{"rendered":"<p>Na\u010din primene: Cvetnu vodicu naprskati na ko\u017eu i o\u010distiti lice tuferom. Zatim je direktno naprskati na lice i dok je ko\u017ea jo\u0161 uvek vla\u017ena na lice naneti kremu ili ulje za negu.<\/p>\n<p>Pakovanje: 50ml<\/p>\n<p>&nbsp;<\/p>\n<p>&nbsp;<\/p>\n<p>&nbsp;<\/p>\n","protected":false},"excerpt":{"rendered":"<p>&nbsp;<\/p>\n<ul>\n<li>Cvetna vodica od ru\u017ee koristi se kao tonik za lice za sve tipove ko\u017ee posebno za zrelu ko\u017eu protiv bora, dehidratacije i akni.<\/li>\n<li>Koristi se kao alternativa parfemu, protiv valunga, PMS-a, promena raspolo\u017eenja i simptoma menopauze.<\/li>\n<li>Zbog svojih antibakterijskih svojstava cvetna vodica je koristna kod mnogih ko\u017enih problema (ujedi insekata, ekcem, opekotine od sunca, psorijaza, seboreja), a tako\u0111e spre\u010dava pojavu akni i bubuljica.<\/li>\n<li>Hidrolat ru\u017ee koristi se kao tonik za lice, za sve tipove ko\u017ee posebno za zrelu ko\u017eu protiv bora, dehidratacije i akni. Koristi se kao alternativa parfemu, protiv valunga, PMS-a, promena raspolo\u017eenja i simptoma menopauze. Zbog svojih antibakterijskih svojstava hidrolat je koristan kod mnogih ko\u017enih problema (ujedi insekata, ekcem, opekotine od sunca, psorijaza, seboreja), a tako\u0111e spre\u010dava pojavu akni i bubuljica.<\/li>\n<\/ul>\n","protected":false},"featured_media":730,"template":"","meta":[],"product_brand":[],"product_cat":[106,112,25,121,22],"product_tag":[64,59,65],"class_list":{"0":"post-387","1":"product","2":"type-product","3":"status-publish","4":"has-post-thumbnail","6":"product_cat-aroma-mist","7":"product_cat-aroma-tonic-detox","8":"product_cat-aromaterapija","9":"product_cat-cvetne-vodice","10":"product_cat-nega-lica","11":"product_tag-hidrolat","12":"product_tag-nega-lica","13":"product_tag-ruza","15":"first","16":"instock","17":"shipping-taxable","18":"purchasable","19":"product-type-simple"},"_links":{"self":[{"href":"https:\/\/klementina.rs\/en\/wp-json\/wp\/v2\/product\/387","targetHints":{"allow":["GET"]}}],"collection":[{"href":"https:\/\/klementina.rs\/en\/wp-json\/wp\/v2\/product"}],"about":[{"href":"https:\/\/klementina.rs\/en\/wp-json\/wp\/v2\/types\/product"}],"wp:featuredmedia":[{"embeddable":true,"href":"https:\/\/klementina.rs\/en\/wp-json\/wp\/v2\/media\/730"}],"wp:attachment":[{"href":"https:\/\/klementina.rs\/en\/wp-json\/wp\/v2\/media?parent=387"}],"wp:term":[{"taxonomy":"product_brand","embeddable":true,"href":"https:\/\/klementina.rs\/en\/wp-json\/wp\/v2\/product_brand?post=387"},{"taxonomy":"product_cat","embeddable":true,"href":"https:\/\/klementina.rs\/en\/wp-json\/wp\/v2\/product_cat?post=387"},{"taxonomy":"product_tag","embeddable":true,"href":"https:\/\/klementina.rs\/en\/wp-json\/wp\/v2\/product_tag?post=387"}],"curies":[{"name":"wp","href":"https:\/\/api.w.org\/{rel}","templated":true}]}}