
{"id":446,"date":"2021-04-22T12:36:19","date_gmt":"2021-04-22T12:36:19","guid":{"rendered":"https:\/\/klementina.rs\/?post_type=product&#038;p=446"},"modified":"2026-03-04T11:31:53","modified_gmt":"2026-03-04T11:31:53","slug":"cvrsti-sampon-kopriva","status":"publish","type":"product","link":"https:\/\/klementina.rs\/en\/proizvod\/cvrsti-sampon-kopriva\/","title":{"rendered":"\u010cvrsti \u0161ampon Kopriva"},"content":{"rendered":"<p>Sastav: puder koprive, marokanska i multani mitti glina, puter konoplje i aloje, pantenol, protein pirin\u010da i etarsko ulje limunski \u010dajevac i ruzmarin.<\/p>\n","protected":false},"excerpt":{"rendered":"<p>&nbsp;<\/p>\n<ul>\n<li>KOPRIVA \u0161ampon sa ruzmarinom i limunskim \u010dajevcem za masnu kosu. Poma\u017ee protiv opadanja i peruti.<\/li>\n<li>Proizvod kome je posve\u0107ena posebna pa\u017enja gde se ru\u010dno bere kopriva iz okoline planine Rtanj. Zatim se su\u0161i i pretvara u puder koji je u velikom procentu u samom \u0161amponu \u0161to se mo\u017ee videti po prirodnoj zelenoj boji ovog proizvoda.<\/li>\n<li>Kopriva spre\u010dava opadanje kose, reguli\u0161e masno\u0107u, ja\u010da kosu i daje joj sjaj.<\/li>\n<li>\u0160ampon je oboga\u0107en i sa marokanskom glinom koja \u0107e temeljno o\u010distiti skalp i vlasi\u0161te.<\/li>\n<li>Multani mitti je indijska glina koja se koristi u kombinaciji sa biljnim puderima za \u010di\u0161\u0107enje kose. Posebno je ceni masna kosa, ne\u017eno uklanja ne\u010disto\u0107e i mrtve \u0107elije. Apsorbuje i vi\u0161ak sebuma, revitalizuje i vra\u0107a kosi sjaj.<\/li>\n<li>Etarsko ulje \u010dajevca i Kedar Atlas poma\u017eu kod problema peruti zbog zbog antibakterijskog I antigljivi\u010dnog delovanja.<\/li>\n<\/ul>\n","protected":false},"featured_media":456,"template":"","meta":[],"product_brand":[],"product_cat":[117,24,115],"product_tag":[93,52,51,50],"class_list":{"0":"post-446","1":"product","2":"type-product","3":"status-publish","4":"has-post-thumbnail","6":"product_cat-kopriva","7":"product_cat-nega-kose","8":"product_cat-samponi","9":"product_tag-izdvojeno","10":"product_tag-kopriva","11":"product_tag-nega-kose","12":"product_tag-sampon","14":"first","15":"instock","16":"shipping-taxable","17":"purchasable","18":"product-type-variable"},"_links":{"self":[{"href":"https:\/\/klementina.rs\/en\/wp-json\/wp\/v2\/product\/446","targetHints":{"allow":["GET"]}}],"collection":[{"href":"https:\/\/klementina.rs\/en\/wp-json\/wp\/v2\/product"}],"about":[{"href":"https:\/\/klementina.rs\/en\/wp-json\/wp\/v2\/types\/product"}],"wp:featuredmedia":[{"embeddable":true,"href":"https:\/\/klementina.rs\/en\/wp-json\/wp\/v2\/media\/456"}],"wp:attachment":[{"href":"https:\/\/klementina.rs\/en\/wp-json\/wp\/v2\/media?parent=446"}],"wp:term":[{"taxonomy":"product_brand","embeddable":true,"href":"https:\/\/klementina.rs\/en\/wp-json\/wp\/v2\/product_brand?post=446"},{"taxonomy":"product_cat","embeddable":true,"href":"https:\/\/klementina.rs\/en\/wp-json\/wp\/v2\/product_cat?post=446"},{"taxonomy":"product_tag","embeddable":true,"href":"https:\/\/klementina.rs\/en\/wp-json\/wp\/v2\/product_tag?post=446"}],"curies":[{"name":"wp","href":"https:\/\/api.w.org\/{rel}","templated":true}]}}