
{"id":462,"date":"2021-04-22T13:08:21","date_gmt":"2021-04-22T13:08:21","guid":{"rendered":"https:\/\/klementina.rs\/?post_type=product&#038;p=462"},"modified":"2026-03-04T11:31:12","modified_gmt":"2026-03-04T11:31:12","slug":"cvrsti-sampon-sikakai","status":"publish","type":"product","link":"https:\/\/klementina.rs\/en\/proizvod\/cvrsti-sampon-sikakai\/","title":{"rendered":"\u010cvrsti \u0161ampon \u0160ikakai"},"content":{"rendered":"<p>Sastav: puderi biljaka shikakai, amla, marokanska glina, puter badem, mango, shea, pantenol, protein pirin\u010da, coco sulfat, hidrolat ru\u017ee, etarska ulja pa\u010duli i ylang ylang.<\/p>\n","protected":false},"excerpt":{"rendered":"<p>&nbsp;<\/p>\n<ul>\n<li>\u0160IKAKAI \u0161ampon sa pa\u010dulijem i ylang ylangom za suvu i tretiranu kosu.<\/li>\n<li>Ajurvedska biljka od osu\u0161enog vo\u0107a samlevenog u prah tradicionalno se koristi u Indiji za \u010di\u0161\u0107enje sa namenom da kosa postane meka, svilenkasta, spre\u010di perut i pospe\u0161i rast.<\/li>\n<li>Oboga\u0107en sa marokanskom glinom koja \u0107e temeljno o\u010distiti skalp i vlasi\u0161te.<\/li>\n<li>Etarska ulja pa\u010duli i ylang ylang u\u010dini\u0107e kosu oporavljenom, mirisnom i sjajnom.<\/li>\n<\/ul>\n","protected":false},"featured_media":468,"template":"","meta":[],"product_brand":[],"product_cat":[24,115,118],"product_tag":[93,52,51,50],"class_list":{"0":"post-462","1":"product","2":"type-product","3":"status-publish","4":"has-post-thumbnail","6":"product_cat-nega-kose","7":"product_cat-samponi","8":"product_cat-sikakai","9":"product_tag-izdvojeno","10":"product_tag-kopriva","11":"product_tag-nega-kose","12":"product_tag-sampon","14":"first","15":"instock","16":"shipping-taxable","17":"purchasable","18":"product-type-variable"},"_links":{"self":[{"href":"https:\/\/klementina.rs\/en\/wp-json\/wp\/v2\/product\/462","targetHints":{"allow":["GET"]}}],"collection":[{"href":"https:\/\/klementina.rs\/en\/wp-json\/wp\/v2\/product"}],"about":[{"href":"https:\/\/klementina.rs\/en\/wp-json\/wp\/v2\/types\/product"}],"wp:featuredmedia":[{"embeddable":true,"href":"https:\/\/klementina.rs\/en\/wp-json\/wp\/v2\/media\/468"}],"wp:attachment":[{"href":"https:\/\/klementina.rs\/en\/wp-json\/wp\/v2\/media?parent=462"}],"wp:term":[{"taxonomy":"product_brand","embeddable":true,"href":"https:\/\/klementina.rs\/en\/wp-json\/wp\/v2\/product_brand?post=462"},{"taxonomy":"product_cat","embeddable":true,"href":"https:\/\/klementina.rs\/en\/wp-json\/wp\/v2\/product_cat?post=462"},{"taxonomy":"product_tag","embeddable":true,"href":"https:\/\/klementina.rs\/en\/wp-json\/wp\/v2\/product_tag?post=462"}],"curies":[{"name":"wp","href":"https:\/\/api.w.org\/{rel}","templated":true}]}}