
{"id":474,"date":"2021-04-22T13:24:26","date_gmt":"2021-04-22T13:24:26","guid":{"rendered":"https:\/\/klementina.rs\/?post_type=product&#038;p=474"},"modified":"2024-12-25T09:25:50","modified_gmt":"2024-12-25T09:25:50","slug":"cvrsti-balzam-za-kosu-ylang","status":"publish","type":"product","link":"https:\/\/klementina.rs\/en\/proizvod\/cvrsti-balzam-za-kosu-ylang\/","title":{"rendered":"\u010cvrsti balzam za kosu YLANG"},"content":{"rendered":"<ul>\n<li>Sastav: Shea, mango puter, kokosovo, jojobino, arganovo, ricinusovo ulje, etarsko ulje ylang ylang.<\/li>\n<li>Upotreba: \u010cvrsti balzam nanosite na mokru kosu nakon \u0161amponiranja, blago ra\u0161\u010de\u0161ljati i isprati.<\/li>\n<li>Te\u017eina: 22 g<\/li>\n<\/ul>\n","protected":false},"excerpt":{"rendered":"<ul>\n<li>\u010cvrsti balzam za kosu sa neodoljivim mirisom etarskog ulja ylang ylang.<\/li>\n<li>Sastavljen od najfinijih putera i ulja u\u010dini\u0107e kosu regenerisanom, mirisnom, sjajnom i lakom za oblikovanje.<\/li>\n<li>\n<div class=\"o9v6fnle cxmmr5t8 oygrvhab hcukyx3x c1et5uql ii04i59q\">\n<div dir=\"auto\">Ekolo\u0161ki proizvod bez plasti\u010dne ambala\u017ee &#8211; odli\u010dno za putovanja, ne zauzima prostor i nema bojaznosti od prosipanja.<\/div>\n<\/div>\n<\/li>\n<\/ul>\n","protected":false},"featured_media":475,"template":"","meta":[],"product_brand":[],"product_cat":[116,24,120],"product_tag":[53,93,51,57,56],"class_list":{"0":"post-474","1":"product","2":"type-product","3":"status-publish","4":"has-post-thumbnail","6":"product_cat-balzami","7":"product_cat-nega-kose","8":"product_cat-ylang","9":"product_tag-balzam-za-kosu","10":"product_tag-izdvojeno","11":"product_tag-nega-kose","12":"product_tag-regenerator","13":"product_tag-ylang-ylang","15":"first","16":"instock","17":"shipping-taxable","18":"purchasable","19":"product-type-simple"},"_links":{"self":[{"href":"https:\/\/klementina.rs\/en\/wp-json\/wp\/v2\/product\/474","targetHints":{"allow":["GET"]}}],"collection":[{"href":"https:\/\/klementina.rs\/en\/wp-json\/wp\/v2\/product"}],"about":[{"href":"https:\/\/klementina.rs\/en\/wp-json\/wp\/v2\/types\/product"}],"wp:featuredmedia":[{"embeddable":true,"href":"https:\/\/klementina.rs\/en\/wp-json\/wp\/v2\/media\/475"}],"wp:attachment":[{"href":"https:\/\/klementina.rs\/en\/wp-json\/wp\/v2\/media?parent=474"}],"wp:term":[{"taxonomy":"product_brand","embeddable":true,"href":"https:\/\/klementina.rs\/en\/wp-json\/wp\/v2\/product_brand?post=474"},{"taxonomy":"product_cat","embeddable":true,"href":"https:\/\/klementina.rs\/en\/wp-json\/wp\/v2\/product_cat?post=474"},{"taxonomy":"product_tag","embeddable":true,"href":"https:\/\/klementina.rs\/en\/wp-json\/wp\/v2\/product_tag?post=474"}],"curies":[{"name":"wp","href":"https:\/\/api.w.org\/{rel}","templated":true}]}}