
{"id":480,"date":"2023-07-06T13:45:19","date_gmt":"2023-07-06T13:45:19","guid":{"rendered":"https:\/\/klementina.rs\/?post_type=product&#038;p=480"},"modified":"2024-11-18T19:08:42","modified_gmt":"2024-11-18T19:08:42","slug":"serum-za-lice-golden-roses","status":"publish","type":"product","link":"https:\/\/klementina.rs\/en\/proizvod\/serum-za-lice-golden-roses\/","title":{"rendered":"Serum za lice Golden roses"},"content":{"rendered":"<p>Upotreba: Naprskati cvetnu vodicu na lice i zatim naneti tri kapi seruma blagom masa\u017eom lica, vrata i ruku.<\/p>\n<p>Sastav: macerat smilja, ulje ploda divlje ru\u017ee, ulje semena kupine, ulje ko\u0161tica \u0161ljive, ekstrat pasjeg trna, vitamin E, etarska ulja smilje, pa\u010duli i geranijum.<\/p>\n<p>Pakovanje: 10ml<\/p>\n","protected":false},"excerpt":{"rendered":"<p>&nbsp;<\/p>\n<ul>\n<li>&#8220;Golden roses&#8221; serum je singerija ulja koja odgovara svim tipovima ko\u017ee sa posebnom pa\u017enjom na anti age u\u010dinak i UV za\u0161titu.<\/li>\n<li>Zbog svog dragocenog sastava je neophodna nega leti i zimi.<\/li>\n<li>Nanosi se na vla\u017enu ko\u017eu. Najbolja je kombinacija kada se koristi zajedno za nekom od cvetnih vodica koju prilagodite va\u0161em stanju ko\u017ee.<br \/>\nPredlog cvetnih vodica u kombinaciji sa serumom:<br \/>\nSuva, osetljiva, problemati\u010dna ko\u017ea: smilje, ru\u017ea, lavanda, pa\u010duli.<br \/>\nMe\u0161ovita, masna ko\u017ea: geranijum, lavanda.<br \/>\nNormalna ko\u017ea: smilje, lavanda, ru\u017ea.<\/li>\n<\/ul>\n","protected":false},"featured_media":3149,"template":"","meta":[],"product_brand":[],"product_cat":[22,107],"product_tag":[59,60,58],"class_list":{"0":"post-480","1":"product","2":"type-product","3":"status-publish","4":"has-post-thumbnail","6":"product_cat-nega-lica","7":"product_cat-smilje-kolekcija","8":"product_tag-nega-lica","9":"product_tag-serum-za-lice","10":"product_tag-smilje","12":"first","13":"instock","14":"shipping-taxable","15":"purchasable","16":"product-type-variable"},"_links":{"self":[{"href":"https:\/\/klementina.rs\/en\/wp-json\/wp\/v2\/product\/480","targetHints":{"allow":["GET"]}}],"collection":[{"href":"https:\/\/klementina.rs\/en\/wp-json\/wp\/v2\/product"}],"about":[{"href":"https:\/\/klementina.rs\/en\/wp-json\/wp\/v2\/types\/product"}],"wp:featuredmedia":[{"embeddable":true,"href":"https:\/\/klementina.rs\/en\/wp-json\/wp\/v2\/media\/3149"}],"wp:attachment":[{"href":"https:\/\/klementina.rs\/en\/wp-json\/wp\/v2\/media?parent=480"}],"wp:term":[{"taxonomy":"product_brand","embeddable":true,"href":"https:\/\/klementina.rs\/en\/wp-json\/wp\/v2\/product_brand?post=480"},{"taxonomy":"product_cat","embeddable":true,"href":"https:\/\/klementina.rs\/en\/wp-json\/wp\/v2\/product_cat?post=480"},{"taxonomy":"product_tag","embeddable":true,"href":"https:\/\/klementina.rs\/en\/wp-json\/wp\/v2\/product_tag?post=480"}],"curies":[{"name":"wp","href":"https:\/\/api.w.org\/{rel}","templated":true}]}}