
{"id":490,"date":"2023-07-07T13:53:19","date_gmt":"2023-07-07T13:53:19","guid":{"rendered":"https:\/\/klementina.rs\/?post_type=product&#038;p=490"},"modified":"2025-10-02T11:24:21","modified_gmt":"2025-10-02T11:24:21","slug":"macerat-smilje","status":"publish","type":"product","link":"https:\/\/klementina.rs\/en\/proizvod\/macerat-smilje\/","title":{"rendered":"Macerat Smilje"},"content":{"rendered":"<p>Sastav: macerat smilje<\/p>\n<p>Pakovanje: 30ml sa pipetom<\/p>\n","protected":false},"excerpt":{"rendered":"<p>&nbsp;<\/p>\n<ul>\n<li>Macerat smilja od davnina ima upotrebu protiv starenja ko\u017ee, poma\u017ee odr\u017eavanju\u00a0 mladolikosti i blistavosti ko\u017ee. Cvetovi smilja poti\u010du sintezu kolagena i mikrocirkulaciju ko\u017ee, \u010dime se pobolj\u0161ava proces obnove \u0107elija.<\/li>\n<li>Korisno je i pri zarastanju o\u017eiljaka te tretiranju akni i ostalih upalnih procesa na ko\u017ei.<\/li>\n<li>Koristi se kod tretiranja hematoma, pro\u0161irenih i upaljenih vena, tromboze, popucalih kapilara, sportskih povreda, o\u017eiljaka, keloida, strija, ko\u017enih alergija, atopijskog dermatitisa, psorijaze, reumatoidnog artritisa itd.<\/li>\n<li>Macerat smilja je ulje koje mo\u017eete koristiti umesto kreme. Ne preporu\u010duje se ba\u0161 za dnevnu negu po letnim vru\u0107inama jer je prete\u0161ko na licu.<\/li>\n<li>Za dnevnu negu je bolje u malo hladnijim danima, ali umesto no\u0107ne kreme savr\u0161eno slu\u017ei u svim godi\u0161njim dobima.<\/li>\n<\/ul>\n","protected":false},"featured_media":3157,"template":"","meta":[],"product_brand":[],"product_cat":[106,122,22,107],"product_tag":[93,61,48,58],"class_list":{"0":"post-490","1":"product","2":"type-product","3":"status-publish","4":"has-post-thumbnail","6":"product_cat-aroma-mist","7":"product_cat-macerati-biljna-ulja","8":"product_cat-nega-lica","9":"product_cat-smilje-kolekcija","10":"product_tag-izdvojeno","11":"product_tag-macerat","12":"product_tag-nega-tela","13":"product_tag-smilje","15":"first","16":"instock","17":"shipping-taxable","18":"purchasable","19":"product-type-simple"},"_links":{"self":[{"href":"https:\/\/klementina.rs\/en\/wp-json\/wp\/v2\/product\/490","targetHints":{"allow":["GET"]}}],"collection":[{"href":"https:\/\/klementina.rs\/en\/wp-json\/wp\/v2\/product"}],"about":[{"href":"https:\/\/klementina.rs\/en\/wp-json\/wp\/v2\/types\/product"}],"wp:featuredmedia":[{"embeddable":true,"href":"https:\/\/klementina.rs\/en\/wp-json\/wp\/v2\/media\/3157"}],"wp:attachment":[{"href":"https:\/\/klementina.rs\/en\/wp-json\/wp\/v2\/media?parent=490"}],"wp:term":[{"taxonomy":"product_brand","embeddable":true,"href":"https:\/\/klementina.rs\/en\/wp-json\/wp\/v2\/product_brand?post=490"},{"taxonomy":"product_cat","embeddable":true,"href":"https:\/\/klementina.rs\/en\/wp-json\/wp\/v2\/product_cat?post=490"},{"taxonomy":"product_tag","embeddable":true,"href":"https:\/\/klementina.rs\/en\/wp-json\/wp\/v2\/product_tag?post=490"}],"curies":[{"name":"wp","href":"https:\/\/api.w.org\/{rel}","templated":true}]}}