
{"id":529,"date":"2023-07-02T15:09:35","date_gmt":"2023-07-02T15:09:35","guid":{"rendered":"https:\/\/klementina.rs\/?post_type=product&#038;p=529"},"modified":"2024-11-18T19:09:24","modified_gmt":"2024-11-18T19:09:24","slug":"lavanda-cvetna-vodica","status":"publish","type":"product","link":"https:\/\/klementina.rs\/en\/proizvod\/lavanda-cvetna-vodica\/","title":{"rendered":"Lavanda cvetna vodica"},"content":{"rendered":"<p>Aromaterapija: poma\u017ee kod nervne napetosti, unutra\u0161njeg nemira, anksioznosti, depresije, insomnije, napada panike, stresa&#8230;<\/p>\n<p>Nega: Cvetna vodica od lavande koristi se kao tonik za lice, za sve tipove ko\u017ee posebno za osetljivu ko\u017eu. Zbog svojih antibakterijskih svojstava hidrolat je koristan kod mnogih ko\u017enih problema (ujedi insekata, ekcem, opekotine od sunca, psorijaza, seboreja), a tako\u0111e spre\u010dava pojavu akni i bubuljica.<\/p>\n<p>Na\u010din primene: Cvetnu vodicu naprskati na ko\u017eu I o\u010distiti lice tuferom. Zatim ga direktno naprskati na lice i dok je ko\u017ea jo\u0161 uvek vla\u017ena na lice naneti kremu ili ulje za negu.<\/p>\n<p>Naprsksjte na lice, udi\u0161ite miris i osetite blagotvornost ove divne biljke koja bi trebalo biti sastavni deo va\u0161e ku\u0107ne apoteke.<\/p>\n","protected":false},"excerpt":{"rendered":"<p>&nbsp;<\/p>\n<ul>\n<li>Cvetna vodica od lavande se koristi za negu, \u010di\u0161\u0107enje i dodatnu hidrataciju svih tipova ko\u017ee.<\/li>\n<li>Posebno je dobra za umirenje iritirane i osetljive ko\u017ee, kao i opekotina od sun\u010danja.<\/li>\n<li>Smanjuje ose\u0107aj svraba kod ujeda insekata i neprijatnog crvenila nakon depilacije ili brijanja.<\/li>\n<li>Koristi se umesto tonika za lice ili kao vodena faza prilikom pripreme maski ili upotrebe ulja za negu ko\u017ee.<\/li>\n<li>Tokom letnjih dana mo\u017ee se koristiti za osve\u017eavanje ko\u017ee lica i tela.<\/li>\n<\/ul>\n","protected":false},"featured_media":532,"template":"","meta":[],"product_brand":[],"product_cat":[106,112,25,121,22],"product_tag":[64,93,62,59],"class_list":{"0":"post-529","1":"product","2":"type-product","3":"status-publish","4":"has-post-thumbnail","6":"product_cat-aroma-mist","7":"product_cat-aroma-tonic-detox","8":"product_cat-aromaterapija","9":"product_cat-cvetne-vodice","10":"product_cat-nega-lica","11":"product_tag-hidrolat","12":"product_tag-izdvojeno","13":"product_tag-lavanda","14":"product_tag-nega-lica","16":"first","17":"instock","18":"shipping-taxable","19":"purchasable","20":"product-type-simple"},"_links":{"self":[{"href":"https:\/\/klementina.rs\/en\/wp-json\/wp\/v2\/product\/529","targetHints":{"allow":["GET"]}}],"collection":[{"href":"https:\/\/klementina.rs\/en\/wp-json\/wp\/v2\/product"}],"about":[{"href":"https:\/\/klementina.rs\/en\/wp-json\/wp\/v2\/types\/product"}],"wp:featuredmedia":[{"embeddable":true,"href":"https:\/\/klementina.rs\/en\/wp-json\/wp\/v2\/media\/532"}],"wp:attachment":[{"href":"https:\/\/klementina.rs\/en\/wp-json\/wp\/v2\/media?parent=529"}],"wp:term":[{"taxonomy":"product_brand","embeddable":true,"href":"https:\/\/klementina.rs\/en\/wp-json\/wp\/v2\/product_brand?post=529"},{"taxonomy":"product_cat","embeddable":true,"href":"https:\/\/klementina.rs\/en\/wp-json\/wp\/v2\/product_cat?post=529"},{"taxonomy":"product_tag","embeddable":true,"href":"https:\/\/klementina.rs\/en\/wp-json\/wp\/v2\/product_tag?post=529"}],"curies":[{"name":"wp","href":"https:\/\/api.w.org\/{rel}","templated":true}]}}