
{"id":536,"date":"2023-06-30T15:14:21","date_gmt":"2023-06-30T15:14:21","guid":{"rendered":"https:\/\/klementina.rs\/?post_type=product&#038;p=536"},"modified":"2025-10-02T11:31:14","modified_gmt":"2025-10-02T11:31:14","slug":"geranijum-cvetna-vodica","status":"publish","type":"product","link":"https:\/\/klementina.rs\/en\/proizvod\/geranijum-cvetna-vodica\/","title":{"rendered":"Geranijum cvetna vodica"},"content":{"rendered":"<p>&nbsp;<\/p>\n<p>Aromaterapija: Miris geranijuma ima umiruju\u0107e ali i dejstvo podizanja energije. Opu\u0161ta nervnu napetost i poti\u010de me\u0111u ljudima sve\u017eu, harmoni\u010dnu atmosferu. Podi\u017ee raspolo\u017eenje, umanjuje uznemirenost, stres i depresiju.<\/p>\n<p>Nega: Uravnote\u017euje izlu\u010divanje sebuma tako da je korisno za masnu i za suvu ko\u017eu \u010dije se tkivo pri redovnoj nezi regeneri\u0161e.<\/p>\n<p>Na\u010din primene: Cvetnu vodicu naprskati na ko\u017eu\u00a0 o\u010distiti lice tuferom. Zatim ga direktno naprskati na lice i dok je ko\u017ea jo\u0161 uvek vla\u017ena na lice naneti kremu ili ulje za negu.<\/p>\n<p>&nbsp;<\/p>\n","protected":false},"excerpt":{"rendered":"<p>&nbsp;<\/p>\n<ul>\n<li>Ima antibakterijsko, antigljivi\u010dno i antioksidativno delovanje.<\/li>\n<li>Spre\u010dava nastanak o\u017eiljaka i tamnih fleka.<\/li>\n<li>\u0160titi od insekata i umiruje svrab nakon ujeda.<\/li>\n<li>Mo\u017ee umanjiti znojenje i to na du\u017ei period \u010dime postaje odli\u010dan dezodorans.<\/li>\n<li>Zbog svog cvetnog mirisa i pozitivnog delovanja na simptome menstruacije i menopauze, odli\u010dan je izbor za \u017eene.<\/li>\n<\/ul>\n","protected":false},"featured_media":539,"template":"","meta":[],"product_brand":[],"product_cat":[106,112,25,121,22],"product_tag":[66,64,93,59],"class_list":{"0":"post-536","1":"product","2":"type-product","3":"status-publish","4":"has-post-thumbnail","6":"product_cat-aroma-mist","7":"product_cat-aroma-tonic-detox","8":"product_cat-aromaterapija","9":"product_cat-cvetne-vodice","10":"product_cat-nega-lica","11":"product_tag-geranijum","12":"product_tag-hidrolat","13":"product_tag-izdvojeno","14":"product_tag-nega-lica","16":"first","17":"instock","18":"shipping-taxable","19":"purchasable","20":"product-type-simple"},"_links":{"self":[{"href":"https:\/\/klementina.rs\/en\/wp-json\/wp\/v2\/product\/536","targetHints":{"allow":["GET"]}}],"collection":[{"href":"https:\/\/klementina.rs\/en\/wp-json\/wp\/v2\/product"}],"about":[{"href":"https:\/\/klementina.rs\/en\/wp-json\/wp\/v2\/types\/product"}],"wp:featuredmedia":[{"embeddable":true,"href":"https:\/\/klementina.rs\/en\/wp-json\/wp\/v2\/media\/539"}],"wp:attachment":[{"href":"https:\/\/klementina.rs\/en\/wp-json\/wp\/v2\/media?parent=536"}],"wp:term":[{"taxonomy":"product_brand","embeddable":true,"href":"https:\/\/klementina.rs\/en\/wp-json\/wp\/v2\/product_brand?post=536"},{"taxonomy":"product_cat","embeddable":true,"href":"https:\/\/klementina.rs\/en\/wp-json\/wp\/v2\/product_cat?post=536"},{"taxonomy":"product_tag","embeddable":true,"href":"https:\/\/klementina.rs\/en\/wp-json\/wp\/v2\/product_tag?post=536"}],"curies":[{"name":"wp","href":"https:\/\/api.w.org\/{rel}","templated":true}]}}