
{"id":560,"date":"2021-04-23T19:45:54","date_gmt":"2021-04-23T19:45:54","guid":{"rendered":"https:\/\/klementina.rs\/?post_type=product&#038;p=560"},"modified":"2025-10-02T11:34:03","modified_gmt":"2025-10-02T11:34:03","slug":"krema-za-kosu-monoi","status":"publish","type":"product","link":"https:\/\/klementina.rs\/en\/proizvod\/krema-za-kosu-monoi\/","title":{"rendered":"Krema za kosu Monoi"},"content":{"rendered":"<p>Sastav: monoi macerat, ulje brokolija, jojobe, miris monoi<\/p>\n<p>Nanosi se na \u010distu i opranu kosu kao tretman nege, celom du\u017einom ( ne previ\u0161e blizu korenu \u00a0\u00a0glave) ali se mo\u017ee naneti i na suvu kosu kada po\u017eelite da je dodatno nahranite ili jednostavno naparfemi\u0161ete.<\/p>\n<p>Pakovanje: 100ml<\/p>\n","protected":false},"excerpt":{"rendered":"<p>&nbsp;<\/p>\n<ul>\n<li>Krema za negu kose koja se ne ispira.<\/li>\n<li>Nega normalne, suve, tretirane, o\u0161te\u0107ene kose kojoj je potreban oporavak i sjaj.<\/li>\n<li>Pored svih blagodeti proizvod \u010dini kosu mirisnom i negovanom.<\/li>\n<li>savr\u0161ena dodatna nega sa mirisom u koji zauvek ostajete zaljubljeni.<\/li>\n<li>Grama\u017ea 200ml<\/li>\n<\/ul>\n","protected":false},"featured_media":2890,"template":"","meta":[],"product_brand":[],"product_cat":[108,24],"product_tag":[93,69,68,51],"class_list":{"0":"post-560","1":"product","2":"type-product","3":"status-publish","4":"has-post-thumbnail","6":"product_cat-monoi-kolekcija","7":"product_cat-nega-kose","8":"product_tag-izdvojeno","9":"product_tag-krema-za-kosu","10":"product_tag-monoi","11":"product_tag-nega-kose","13":"first","14":"instock","15":"shipping-taxable","16":"purchasable","17":"product-type-simple"},"_links":{"self":[{"href":"https:\/\/klementina.rs\/en\/wp-json\/wp\/v2\/product\/560","targetHints":{"allow":["GET"]}}],"collection":[{"href":"https:\/\/klementina.rs\/en\/wp-json\/wp\/v2\/product"}],"about":[{"href":"https:\/\/klementina.rs\/en\/wp-json\/wp\/v2\/types\/product"}],"wp:featuredmedia":[{"embeddable":true,"href":"https:\/\/klementina.rs\/en\/wp-json\/wp\/v2\/media\/2890"}],"wp:attachment":[{"href":"https:\/\/klementina.rs\/en\/wp-json\/wp\/v2\/media?parent=560"}],"wp:term":[{"taxonomy":"product_brand","embeddable":true,"href":"https:\/\/klementina.rs\/en\/wp-json\/wp\/v2\/product_brand?post=560"},{"taxonomy":"product_cat","embeddable":true,"href":"https:\/\/klementina.rs\/en\/wp-json\/wp\/v2\/product_cat?post=560"},{"taxonomy":"product_tag","embeddable":true,"href":"https:\/\/klementina.rs\/en\/wp-json\/wp\/v2\/product_tag?post=560"}],"curies":[{"name":"wp","href":"https:\/\/api.w.org\/{rel}","templated":true}]}}