
{"id":572,"date":"2021-04-23T19:52:07","date_gmt":"2021-04-23T19:52:07","guid":{"rendered":"https:\/\/klementina.rs\/?post_type=product&#038;p=572"},"modified":"2024-07-11T20:01:27","modified_gmt":"2024-07-11T20:01:27","slug":"serum-za-krajeve-kose-monoi","status":"publish","type":"product","link":"https:\/\/klementina.rs\/en\/proizvod\/serum-za-krajeve-kose-monoi\/","title":{"rendered":"Serum za krajeve kose Monoi"},"content":{"rendered":"<p>Sastav: gel od crvenih algi, pantenol, protein pirin\u010da, miris monoi<\/p>\n<p>Stavlja se nakon oblikovanja kose na krajeve a mo\u017ee biti i dodatna nega kada po\u017eelite da popravite izgled ili naparfemi\u0161ete kosu.<\/p>\n<p>Pakovanje: 30ml<\/p>\n","protected":false},"excerpt":{"rendered":"<p>&nbsp;<\/p>\n<ul>\n<li>Lagana formula za krajeve kose kao prirodni silikon ili nekada popularnog naziva \u201ekapi za kosu\u201c.<\/li>\n<li>Serum je idealnog mirisa, zagla\u0111uje dlaku i vra\u0107a kosi sjaj i zdrav izgled.<\/li>\n<li>Formuli\u0161e kovrd\u017ee.<\/li>\n<\/ul>\n","protected":false},"featured_media":2933,"template":"","meta":[],"product_brand":[],"product_cat":[108,24],"product_tag":[68,51,70],"class_list":{"0":"post-572","1":"product","2":"type-product","3":"status-publish","4":"has-post-thumbnail","6":"product_cat-monoi-kolekcija","7":"product_cat-nega-kose","8":"product_tag-monoi","9":"product_tag-nega-kose","10":"product_tag-serum-za-kosu","12":"first","13":"instock","14":"shipping-taxable","15":"purchasable","16":"product-type-simple"},"_links":{"self":[{"href":"https:\/\/klementina.rs\/en\/wp-json\/wp\/v2\/product\/572","targetHints":{"allow":["GET"]}}],"collection":[{"href":"https:\/\/klementina.rs\/en\/wp-json\/wp\/v2\/product"}],"about":[{"href":"https:\/\/klementina.rs\/en\/wp-json\/wp\/v2\/types\/product"}],"wp:featuredmedia":[{"embeddable":true,"href":"https:\/\/klementina.rs\/en\/wp-json\/wp\/v2\/media\/2933"}],"wp:attachment":[{"href":"https:\/\/klementina.rs\/en\/wp-json\/wp\/v2\/media?parent=572"}],"wp:term":[{"taxonomy":"product_brand","embeddable":true,"href":"https:\/\/klementina.rs\/en\/wp-json\/wp\/v2\/product_brand?post=572"},{"taxonomy":"product_cat","embeddable":true,"href":"https:\/\/klementina.rs\/en\/wp-json\/wp\/v2\/product_cat?post=572"},{"taxonomy":"product_tag","embeddable":true,"href":"https:\/\/klementina.rs\/en\/wp-json\/wp\/v2\/product_tag?post=572"}],"curies":[{"name":"wp","href":"https:\/\/api.w.org\/{rel}","templated":true}]}}