
{"id":602,"date":"2023-07-08T23:15:26","date_gmt":"2023-07-08T23:15:26","guid":{"rendered":"https:\/\/klementina.rs\/?post_type=product&#038;p=602"},"modified":"2025-10-02T11:23:13","modified_gmt":"2025-10-02T11:23:13","slug":"smiljebakuchiol-krema-za-lice","status":"publish","type":"product","link":"https:\/\/klementina.rs\/en\/proizvod\/smiljebakuchiol-krema-za-lice\/","title":{"rendered":"Smilje&#038;bakuchiol krema za lice"},"content":{"rendered":"<p>Sastav: ethylhexyl olivete, sodium acrylates, copolymer, polyglyceryl-4 olivate, caprylic\/capric\/succinic triglyceride, squalone, sytenol A (bakuchiol), helichrysum,\u00a0 angustifolium, gluconalactane (and) sodium benzoate<\/p>\n<p>Pakovanje: 50g<\/p>\n<p>&nbsp;<\/p>\n<p>&nbsp;<\/p>\n","protected":false},"excerpt":{"rendered":"<p>&nbsp;<\/p>\n<ul>\n<li>Krema od macerata, hidrolata i etarskogu ulja smilja i bakuchiol-a koji je alternativa retinolu i idealna su kombinacija kod anti-age delovanja zahvaljuju\u0107i svom antioksidantnom delovanju.<\/li>\n<li>Poma\u017ee kod o\u017eiljaka od akni, su\u017eava pore, umiruje i \u0161titi ko\u017eu od spoljnih uticaja daju\u0107i izvanrednu hidrataciju ko\u017ee.<\/li>\n<\/ul>\n","protected":false},"featured_media":3358,"template":"","meta":[],"product_brand":[],"product_cat":[106,22,107],"product_tag":[72,59,58],"class_list":{"0":"post-602","1":"product","2":"type-product","3":"status-publish","4":"has-post-thumbnail","6":"product_cat-aroma-mist","7":"product_cat-nega-lica","8":"product_cat-smilje-kolekcija","9":"product_tag-krema-za-lice","10":"product_tag-nega-lica","11":"product_tag-smilje","13":"first","14":"instock","15":"shipping-taxable","16":"purchasable","17":"product-type-simple"},"_links":{"self":[{"href":"https:\/\/klementina.rs\/en\/wp-json\/wp\/v2\/product\/602","targetHints":{"allow":["GET"]}}],"collection":[{"href":"https:\/\/klementina.rs\/en\/wp-json\/wp\/v2\/product"}],"about":[{"href":"https:\/\/klementina.rs\/en\/wp-json\/wp\/v2\/types\/product"}],"wp:featuredmedia":[{"embeddable":true,"href":"https:\/\/klementina.rs\/en\/wp-json\/wp\/v2\/media\/3358"}],"wp:attachment":[{"href":"https:\/\/klementina.rs\/en\/wp-json\/wp\/v2\/media?parent=602"}],"wp:term":[{"taxonomy":"product_brand","embeddable":true,"href":"https:\/\/klementina.rs\/en\/wp-json\/wp\/v2\/product_brand?post=602"},{"taxonomy":"product_cat","embeddable":true,"href":"https:\/\/klementina.rs\/en\/wp-json\/wp\/v2\/product_cat?post=602"},{"taxonomy":"product_tag","embeddable":true,"href":"https:\/\/klementina.rs\/en\/wp-json\/wp\/v2\/product_tag?post=602"}],"curies":[{"name":"wp","href":"https:\/\/api.w.org\/{rel}","templated":true}]}}