
{"id":618,"date":"2023-06-29T23:37:50","date_gmt":"2023-06-29T23:37:50","guid":{"rendered":"https:\/\/klementina.rs\/?post_type=product&#038;p=618"},"modified":"2025-10-02T11:31:34","modified_gmt":"2025-10-02T11:31:34","slug":"ylang-ylang-cvetna-vodica","status":"publish","type":"product","link":"https:\/\/klementina.rs\/en\/proizvod\/ylang-ylang-cvetna-vodica\/","title":{"rendered":"Ylang Ylang cvetna vodica"},"content":{"rendered":"<p>Aromaterapija : Sni\u017eava visok krvni pritisak.<br \/>\nUmanjuje stres i njegove posledice.<br \/>\nVra\u0107a optimizam i unutra\u0161nji mir.<\/p>\n<p>Nega ko\u017ee:<br \/>\nS obzirom na to da reguli\u0161e rad lojnih \u017elezda, primenjuje se i za negu masne i suve ko\u017ee.<br \/>\nPoma\u017ee kod seboroi\u010dnog dermatitsa.<\/p>\n<p>Sastav : voda, hidrolat, etarsko ulje ylang ylang, biljni glicerin, cosgard.<\/p>\n<p>Na\u010din primene: Cvetnu vodicu naprskati na ko\u017eu\u00a0 o\u010distiti lice tuferom. Zatim ga direktno naprskati na lice i dok je ko\u017ea jo\u0161 uvek vla\u017ena na lice naneti kremu ili ulje za negu.<\/p>\n<p>Pakovanje: 50ml<\/p>\n","protected":false},"excerpt":{"rendered":"<p>&nbsp;<\/p>\n<ul>\n<li>Ylang ylang\u00a0 je endemska biljka, \u010dije se prirodno stani\u0161te nalazi na Filipinima, Sumatri i Madagaskaru. Ulje ove biljke dobija se destilacijom cvetova istpimenog tropskog drveta. Cvetovi su se ranije koristili za pravljenje losiona za negu tela i kose, tako \u0161to su ih ljudi prelivali sa kokosovim uljem. Danas se ova vrsta drve\u0107a uzgaja na pojedinim ostrvima u Indijskom okeanu.<\/li>\n<li>Ima izuzetno jak, medno \u2013 cvetni miris pa zauzima va\u017eno mesto u svetu aromaterapije, jo\u0161 odavnina, a tako je ostalo i\u00a0 do dana dana\u0161njeg.<\/li>\n<li>Pored toga, ovo ulje poznato je i pod nazivom\u00a0\u201euzdah zadovoljstva\u201c\u00a0zato \u0161to vra\u0107a \u017eelju za seksualnim \u017eivotom, osobama koje su izgubile interesovanje za istim.<\/li>\n<\/ul>\n","protected":false},"featured_media":622,"template":"","meta":[],"product_brand":[],"product_cat":[25,121,22],"product_tag":[59,67,56],"class_list":{"0":"post-618","1":"product","2":"type-product","3":"status-publish","4":"has-post-thumbnail","6":"product_cat-aromaterapija","7":"product_cat-cvetne-vodice","8":"product_cat-nega-lica","9":"product_tag-nega-lica","10":"product_tag-vodica","11":"product_tag-ylang-ylang","13":"first","14":"instock","15":"shipping-taxable","16":"purchasable","17":"product-type-simple"},"_links":{"self":[{"href":"https:\/\/klementina.rs\/en\/wp-json\/wp\/v2\/product\/618","targetHints":{"allow":["GET"]}}],"collection":[{"href":"https:\/\/klementina.rs\/en\/wp-json\/wp\/v2\/product"}],"about":[{"href":"https:\/\/klementina.rs\/en\/wp-json\/wp\/v2\/types\/product"}],"wp:featuredmedia":[{"embeddable":true,"href":"https:\/\/klementina.rs\/en\/wp-json\/wp\/v2\/media\/622"}],"wp:attachment":[{"href":"https:\/\/klementina.rs\/en\/wp-json\/wp\/v2\/media?parent=618"}],"wp:term":[{"taxonomy":"product_brand","embeddable":true,"href":"https:\/\/klementina.rs\/en\/wp-json\/wp\/v2\/product_brand?post=618"},{"taxonomy":"product_cat","embeddable":true,"href":"https:\/\/klementina.rs\/en\/wp-json\/wp\/v2\/product_cat?post=618"},{"taxonomy":"product_tag","embeddable":true,"href":"https:\/\/klementina.rs\/en\/wp-json\/wp\/v2\/product_tag?post=618"}],"curies":[{"name":"wp","href":"https:\/\/api.w.org\/{rel}","templated":true}]}}