
{"id":689,"date":"2023-07-09T23:16:43","date_gmt":"2023-07-09T23:16:43","guid":{"rendered":"https:\/\/klementina.rs\/?post_type=product&#038;p=689"},"modified":"2025-10-02T11:22:41","modified_gmt":"2025-10-02T11:22:41","slug":"smilje-premium-gel-od-crvenih-algi","status":"publish","type":"product","link":"https:\/\/klementina.rs\/en\/proizvod\/smilje-premium-gel-od-crvenih-algi\/","title":{"rendered":"Smilje Premium &#8211; Gel od crvenih algi"},"content":{"rendered":"<p>Nanosi se na \u010distu ko\u017eu lica, vrata i dekoltea.<br \/>\nMo\u017ee se koristiti samostalno ili kao priprema za kremu ili uljani serum.<\/p>\n<p>Brzo upija i hladi sa blagim zatezanjem, \u010dine\u0107i ko\u017eu svilenkastom i mekom<\/p>\n<p>Sastav: gel crvenih algi, ekstrat nara, vitamin E, hidrolat, macerat i etarsko ulje smilja.<\/p>\n<p>Pakovanje: 50ml<\/p>\n<p>&nbsp;<\/p>\n<p>&nbsp;<\/p>\n","protected":false},"excerpt":{"rendered":"<p>&nbsp;<\/p>\n<ul>\n<li>Gel od crvenih algi je izuzetna nega za sve tipove ko\u017ee.<br \/>\n* podsti\u010de stvaranje kolagena<br \/>\n* smanjuje bore<br \/>\n* pove\u0107ava elasti\u010dnost ko\u017ee<br \/>\n* antimikrobno i regenerativno delovanje.<\/li>\n<\/ul>\n<p>&nbsp;<\/p>\n<ul>\n<li>U kombinaciji s proteinima ko\u017ee formira za\u0161titni sloj koji \u0161titi ko\u017eu od spolja\u0161njih uticaja.<\/li>\n<li>Ahnfeltia concinna sadr\u017ei i jedan neobi\u010dan spoj, 4-hidroksi-prolin. On se nalazi u na\u0161em kolagenu (to je aminokiselina). Kada organizam \u201coseti\u201d da je do\u0161lo do pove\u0107anja koncentracije ovog spoja, po\u010dinje pretpostavljati da je do\u0161lo do poja\u010dane razgradnje kolagena i zapo\u010dinje proces stvaranja novog \u2013 a upravo je to sveti gral mnoge kozmetike.<\/li>\n<li>Poja\u010dana, ali kontrolisana sinteza kolagena smanjuje bore, poja\u010dava tonus i elasti\u010dnost ko\u017ee i jednostavno \u010dini ko\u017eu lep\u0161om. 4-hidroksiprolin prodire u ko\u017eu i apsorbira se, \u0161to je velika prednost u odnosu na kolagen koji se ne apsorbuje.<\/li>\n<\/ul>\n","protected":false},"featured_media":2929,"template":"","meta":[],"product_brand":[],"product_cat":[106,22,107],"product_tag":[74,77,58],"class_list":{"0":"post-689","1":"product","2":"type-product","3":"status-publish","4":"has-post-thumbnail","6":"product_cat-aroma-mist","7":"product_cat-nega-lica","8":"product_cat-smilje-kolekcija","9":"product_tag-crvene-alge","10":"product_tag-hidratacija","11":"product_tag-smilje","13":"first","14":"instock","15":"shipping-taxable","16":"purchasable","17":"product-type-simple"},"_links":{"self":[{"href":"https:\/\/klementina.rs\/en\/wp-json\/wp\/v2\/product\/689","targetHints":{"allow":["GET"]}}],"collection":[{"href":"https:\/\/klementina.rs\/en\/wp-json\/wp\/v2\/product"}],"about":[{"href":"https:\/\/klementina.rs\/en\/wp-json\/wp\/v2\/types\/product"}],"wp:featuredmedia":[{"embeddable":true,"href":"https:\/\/klementina.rs\/en\/wp-json\/wp\/v2\/media\/2929"}],"wp:attachment":[{"href":"https:\/\/klementina.rs\/en\/wp-json\/wp\/v2\/media?parent=689"}],"wp:term":[{"taxonomy":"product_brand","embeddable":true,"href":"https:\/\/klementina.rs\/en\/wp-json\/wp\/v2\/product_brand?post=689"},{"taxonomy":"product_cat","embeddable":true,"href":"https:\/\/klementina.rs\/en\/wp-json\/wp\/v2\/product_cat?post=689"},{"taxonomy":"product_tag","embeddable":true,"href":"https:\/\/klementina.rs\/en\/wp-json\/wp\/v2\/product_tag?post=689"}],"curies":[{"name":"wp","href":"https:\/\/api.w.org\/{rel}","templated":true}]}}