
{"id":701,"date":"2021-06-01T22:41:13","date_gmt":"2021-06-01T22:41:13","guid":{"rendered":"https:\/\/klementina.rs\/?post_type=product&#038;p=701"},"modified":"2025-10-02T11:35:53","modified_gmt":"2025-10-02T11:35:53","slug":"sapun-aktivni-ugalj","status":"publish","type":"product","link":"https:\/\/klementina.rs\/en\/proizvod\/sapun-aktivni-ugalj\/","title":{"rendered":"Sapun Aktivni ugalj"},"content":{"rendered":"<ul>\n<li>Sastav: saponifikovano maslinovo, kosokosvo, ricinusovo ulje, shea puter, aktivni ugalj, etarsko ulje kedra.<\/li>\n<li>Te\u017eina: 135g<\/li>\n<\/ul>\n","protected":false},"excerpt":{"rendered":"<p>&nbsp;<\/p>\n<ul>\n<li>Crni sapun sa aktivnim ugljem i etarskim uljem kedra je mo\u0107an saveznik kada je ko\u017ei potreban detox i dodatno \u010di\u0161\u0107enje.<\/li>\n<li>Poma\u017ee kod problema akni, masne, problemati\u010dne ko\u017ee, peruti. Odgovara svim tipovima ko\u017ee lica, tela i kose.<\/li>\n<\/ul>\n","protected":false},"featured_media":2255,"template":"","meta":[],"product_brand":[],"product_cat":[102],"product_tag":[],"class_list":{"0":"post-701","1":"product","2":"type-product","3":"status-publish","4":"has-post-thumbnail","6":"product_cat-sapuni","8":"first","9":"instock","10":"shipping-taxable","11":"purchasable","12":"product-type-simple"},"_links":{"self":[{"href":"https:\/\/klementina.rs\/en\/wp-json\/wp\/v2\/product\/701","targetHints":{"allow":["GET"]}}],"collection":[{"href":"https:\/\/klementina.rs\/en\/wp-json\/wp\/v2\/product"}],"about":[{"href":"https:\/\/klementina.rs\/en\/wp-json\/wp\/v2\/types\/product"}],"wp:featuredmedia":[{"embeddable":true,"href":"https:\/\/klementina.rs\/en\/wp-json\/wp\/v2\/media\/2255"}],"wp:attachment":[{"href":"https:\/\/klementina.rs\/en\/wp-json\/wp\/v2\/media?parent=701"}],"wp:term":[{"taxonomy":"product_brand","embeddable":true,"href":"https:\/\/klementina.rs\/en\/wp-json\/wp\/v2\/product_brand?post=701"},{"taxonomy":"product_cat","embeddable":true,"href":"https:\/\/klementina.rs\/en\/wp-json\/wp\/v2\/product_cat?post=701"},{"taxonomy":"product_tag","embeddable":true,"href":"https:\/\/klementina.rs\/en\/wp-json\/wp\/v2\/product_tag?post=701"}],"curies":[{"name":"wp","href":"https:\/\/api.w.org\/{rel}","templated":true}]}}