
{"id":721,"date":"2021-06-01T22:50:17","date_gmt":"2021-06-01T22:50:17","guid":{"rendered":"https:\/\/klementina.rs\/?post_type=product&#038;p=721"},"modified":"2025-10-02T11:35:38","modified_gmt":"2025-10-02T11:35:38","slug":"sapun-black-vanila","status":"publish","type":"product","link":"https:\/\/klementina.rs\/en\/proizvod\/sapun-black-vanila\/","title":{"rendered":"Sapun Black Vanila"},"content":{"rendered":"<ul>\n<li>\u00a0Sastav: saponifikovano\u00a0maslinovo, kosokosvo, ricinusovo ulje, shea puter,\u00a0 miris vanila i etarsko ulje mandarine.<\/li>\n<li>Te\u017eina: 135g<\/li>\n<\/ul>\n","protected":false},"excerpt":{"rendered":"<p>&nbsp;<\/p>\n<ul>\n<li>Neodoljiv miris sapuna od vanile i etarskog ulja mandarine, zavodi \u010dula i \u010dini dugo ko\u017eu mirisnom i mekom.<\/li>\n<\/ul>\n","protected":false},"featured_media":2173,"template":"","meta":[],"product_brand":[],"product_cat":[102],"product_tag":[79,78],"class_list":{"0":"post-721","1":"product","2":"type-product","3":"status-publish","4":"has-post-thumbnail","6":"product_cat-sapuni","7":"product_tag-black-vanila","8":"product_tag-sapun","10":"first","11":"instock","12":"shipping-taxable","13":"purchasable","14":"product-type-simple"},"_links":{"self":[{"href":"https:\/\/klementina.rs\/en\/wp-json\/wp\/v2\/product\/721","targetHints":{"allow":["GET"]}}],"collection":[{"href":"https:\/\/klementina.rs\/en\/wp-json\/wp\/v2\/product"}],"about":[{"href":"https:\/\/klementina.rs\/en\/wp-json\/wp\/v2\/types\/product"}],"wp:featuredmedia":[{"embeddable":true,"href":"https:\/\/klementina.rs\/en\/wp-json\/wp\/v2\/media\/2173"}],"wp:attachment":[{"href":"https:\/\/klementina.rs\/en\/wp-json\/wp\/v2\/media?parent=721"}],"wp:term":[{"taxonomy":"product_brand","embeddable":true,"href":"https:\/\/klementina.rs\/en\/wp-json\/wp\/v2\/product_brand?post=721"},{"taxonomy":"product_cat","embeddable":true,"href":"https:\/\/klementina.rs\/en\/wp-json\/wp\/v2\/product_cat?post=721"},{"taxonomy":"product_tag","embeddable":true,"href":"https:\/\/klementina.rs\/en\/wp-json\/wp\/v2\/product_tag?post=721"}],"curies":[{"name":"wp","href":"https:\/\/api.w.org\/{rel}","templated":true}]}}