
{"id":93,"date":"2021-03-08T17:52:32","date_gmt":"2021-03-08T17:52:32","guid":{"rendered":"https:\/\/klementina.rs\/?post_type=product&#038;p=93"},"modified":"2024-12-25T09:26:45","modified_gmt":"2024-12-25T09:26:45","slug":"cvrsti-balzam-za-kosu-hippy","status":"publish","type":"product","link":"https:\/\/klementina.rs\/en\/proizvod\/cvrsti-balzam-za-kosu-hippy\/","title":{"rendered":"\u010cvrsti balzam za kosu Hippy"},"content":{"rendered":"<ul>\n<li>Sastav: ulje konoplje, kokosa,\u00a0 shea puter, etarsko ulje pa\u010duli.<\/li>\n<li>Upotreba: \u010cvrsti balzam nanosite na mokru kosu nakon \u0161amponiranja, blago ra\u0161\u010de\u0161ljati i isprati.<\/li>\n<li>Te\u017eina: 25g<\/li>\n<\/ul>\n","protected":false},"excerpt":{"rendered":"<ul>\n<li>\u010cvrsti balzam za kosu sa dobro poznatim mirisom zavodnog pa\u010dulija.<\/li>\n<li>Pa\u010duli regeneri\u0161e kosu, podsti\u010de rast, uklanja perut, hidrira suvu i o\u0161te\u0107enu kosu, uklanja vi\u0161ak masno\u0107e.<\/li>\n<li>Ulje konoplje je izuzetno hidratantno jer apsorbuje vlagu koja se zadr\u017eava na vlasi\u0161tu u folikulima kose pa samim tim posti\u017ee se du\u017ea hidratacija.<\/li>\n<li>Poma\u017ee kod problema gubitka kose, spre\u010dava lomljenje, ja\u010da kosu, podsti\u010de rast.<\/li>\n<li>\n<div class=\"o9v6fnle cxmmr5t8 oygrvhab hcukyx3x c1et5uql ii04i59q\">\n<div dir=\"auto\">Ekolo\u0161ki proizvod bez plasti\u010dne ambala\u017ee &#8211; odli\u010dno za putovanja, ne zauzima prostor i nema bojaznosti od prosipanja<\/div>\n<\/div>\n<\/li>\n<\/ul>\n","protected":false},"featured_media":727,"template":"","meta":[],"product_brand":[],"product_cat":[116,119,24],"product_tag":[53,93,51,54,55],"class_list":{"0":"post-93","1":"product","2":"type-product","3":"status-publish","4":"has-post-thumbnail","6":"product_cat-balzami","7":"product_cat-hippy","8":"product_cat-nega-kose","9":"product_tag-balzam-za-kosu","10":"product_tag-izdvojeno","11":"product_tag-nega-kose","12":"product_tag-paculi","13":"product_tag-suva-kosa","15":"first","16":"instock","17":"shipping-taxable","18":"purchasable","19":"product-type-simple"},"_links":{"self":[{"href":"https:\/\/klementina.rs\/en\/wp-json\/wp\/v2\/product\/93","targetHints":{"allow":["GET"]}}],"collection":[{"href":"https:\/\/klementina.rs\/en\/wp-json\/wp\/v2\/product"}],"about":[{"href":"https:\/\/klementina.rs\/en\/wp-json\/wp\/v2\/types\/product"}],"wp:featuredmedia":[{"embeddable":true,"href":"https:\/\/klementina.rs\/en\/wp-json\/wp\/v2\/media\/727"}],"wp:attachment":[{"href":"https:\/\/klementina.rs\/en\/wp-json\/wp\/v2\/media?parent=93"}],"wp:term":[{"taxonomy":"product_brand","embeddable":true,"href":"https:\/\/klementina.rs\/en\/wp-json\/wp\/v2\/product_brand?post=93"},{"taxonomy":"product_cat","embeddable":true,"href":"https:\/\/klementina.rs\/en\/wp-json\/wp\/v2\/product_cat?post=93"},{"taxonomy":"product_tag","embeddable":true,"href":"https:\/\/klementina.rs\/en\/wp-json\/wp\/v2\/product_tag?post=93"}],"curies":[{"name":"wp","href":"https:\/\/api.w.org\/{rel}","templated":true}]}}