
{"id":968,"date":"2021-09-21T19:10:43","date_gmt":"2021-09-21T19:10:43","guid":{"rendered":"https:\/\/klementina.rs\/?post_type=product&#038;p=968"},"modified":"2023-01-22T17:55:34","modified_gmt":"2023-01-22T17:55:34","slug":"tinktura-sremusa","status":"publish","type":"product","link":"https:\/\/klementina.rs\/en\/proizvod\/tinktura-sremusa\/","title":{"rendered":"Tinktura Sremu\u0161a"},"content":{"rendered":"<ul>\n<li>Sastav: vodeno etanolni ekstrakt lista sremu\u0161a<\/li>\n<li>Pakovanje: 50ml<\/li>\n<\/ul>\n","protected":false},"excerpt":{"rendered":"<ul>\n<li>Sremu\u0161 biljka poznata je i po nazivima medve\u0111i luk ili divlji beli luk. Ova samonikla jestiva biljka bere se od marta do maja u planinskim podru\u010djima i izuzetno je korisna za zdravlje.<\/li>\n<li>Sremu\u0161 za na\u0161u tinkturu se bere na planini Ozren i u okolini Sokobanje.<\/li>\n<li>Sremu\u0161 poma\u017ee kod sni\u017eavanje nivoa triglicerida i holesterola u krvi i povi\u0161enog krvnog pritiska, pobolj\u0161ava cirkulaciju i ima blagotvorno dejstvo na rad srca. Zahvaljuju\u0107i antimikrobnom dejstvu, odli\u010dan je u prevenciji i ubrzavanju le\u010denja infekcija. Sremu\u0161 ima i antioksidativno dejstvo, \u0161to zna\u010di da slobodne radikale nastale usled pu\u0161enja, uno\u0161enja alkohola, stresa ili uslovljenje raznim toksinima iz okoline, vezuje za sebe i izbacuje ih iz organizma. Blagotvorno dejstvo sremu\u0161 pokazuje i kod arterioskleroze, gasrointestinalnih smetnji, bolesti disajnog sistema, hematoma, rana koje te\u0161ko zaceljuju, ekcema, dermatitisa i naro\u010dito li\u0161ajeva.<\/li>\n<li>Upotreba: 10-15 kapi u \u010da\u0161i vode, ujutru i uve\u010de.<\/li>\n<\/ul>\n","protected":false},"featured_media":1047,"template":"","meta":[],"product_brand":[],"product_cat":[92],"product_tag":[90],"class_list":{"0":"post-968","1":"product","2":"type-product","3":"status-publish","4":"has-post-thumbnail","6":"product_cat-fitoterapija","7":"product_tag-tinktura","9":"first","10":"instock","11":"shipping-taxable","12":"purchasable","13":"product-type-simple"},"_links":{"self":[{"href":"https:\/\/klementina.rs\/en\/wp-json\/wp\/v2\/product\/968","targetHints":{"allow":["GET"]}}],"collection":[{"href":"https:\/\/klementina.rs\/en\/wp-json\/wp\/v2\/product"}],"about":[{"href":"https:\/\/klementina.rs\/en\/wp-json\/wp\/v2\/types\/product"}],"wp:featuredmedia":[{"embeddable":true,"href":"https:\/\/klementina.rs\/en\/wp-json\/wp\/v2\/media\/1047"}],"wp:attachment":[{"href":"https:\/\/klementina.rs\/en\/wp-json\/wp\/v2\/media?parent=968"}],"wp:term":[{"taxonomy":"product_brand","embeddable":true,"href":"https:\/\/klementina.rs\/en\/wp-json\/wp\/v2\/product_brand?post=968"},{"taxonomy":"product_cat","embeddable":true,"href":"https:\/\/klementina.rs\/en\/wp-json\/wp\/v2\/product_cat?post=968"},{"taxonomy":"product_tag","embeddable":true,"href":"https:\/\/klementina.rs\/en\/wp-json\/wp\/v2\/product_tag?post=968"}],"curies":[{"name":"wp","href":"https:\/\/api.w.org\/{rel}","templated":true}]}}