
{"id":97,"date":"2021-03-08T17:55:56","date_gmt":"2021-03-08T17:55:56","guid":{"rendered":"https:\/\/klementina.rs\/?post_type=product&#038;p=97"},"modified":"2025-10-02T11:32:16","modified_gmt":"2025-10-02T11:32:16","slug":"dezic-dezodorans-krema-limunska-trava","status":"publish","type":"product","link":"https:\/\/klementina.rs\/en\/proizvod\/dezic-dezodorans-krema-limunska-trava\/","title":{"rendered":"Dezi\u0107 \u2013 Dezodorans krema Limunska trava"},"content":{"rendered":"<p>Sastav: shea puter, kokosovo ulje, soda bikarbona, etarsko ulje imunske trave sa organske farme iz Nepala<\/p>\n<p>* postoje ljudi kojima je ovaj miris jak ili im se ne dopada kako se ose\u0107a na njihovoj ko\u017ei i zato su nastale jo\u0161 dve mirisne verzije &#8211; \u00a0palmarosa za ljubitelje blagih mirisa i geranijum koji je intezivniji.<\/p>\n<p>Pakovanje: 70ml<\/p>\n<p>&nbsp;<\/p>\n<p>&nbsp;<\/p>\n","protected":false},"excerpt":{"rendered":"<p>&nbsp;<\/p>\n<ul>\n<li>Dezodorans krema sa osve\u017eavaju\u0107im o\u0161trim mirisom limunske trave na koji ljubitelji ovog mirisa zaista dobro reaguju<\/li>\n<li>Neguje pazuh i neutrali\u0161e neprijatne mirise sa antibakterijskim delovanjem.<\/li>\n<li>Jednostavnog sastava gde je baza \u010dist shea puter sa dodatkom kokosovog ulja, sode bikarbone i etarskog ulja limunske trave sa organske farme iz Nepala.<\/li>\n<\/ul>\n","protected":false},"featured_media":3141,"template":"","meta":[],"product_brand":[],"product_cat":[105,123,23],"product_tag":[47,46,93,48,49],"class_list":{"0":"post-97","1":"product","2":"type-product","3":"status-publish","4":"has-post-thumbnail","6":"product_cat-dezodoransi","7":"product_cat-dezodoransi-2","8":"product_cat-nega-tela","9":"product_tag-dezic","10":"product_tag-dezodorans","11":"product_tag-izdvojeno","12":"product_tag-nega-tela","13":"product_tag-znojenje","15":"first","16":"instock","17":"shipping-taxable","18":"purchasable","19":"product-type-simple"},"_links":{"self":[{"href":"https:\/\/klementina.rs\/en\/wp-json\/wp\/v2\/product\/97","targetHints":{"allow":["GET"]}}],"collection":[{"href":"https:\/\/klementina.rs\/en\/wp-json\/wp\/v2\/product"}],"about":[{"href":"https:\/\/klementina.rs\/en\/wp-json\/wp\/v2\/types\/product"}],"wp:featuredmedia":[{"embeddable":true,"href":"https:\/\/klementina.rs\/en\/wp-json\/wp\/v2\/media\/3141"}],"wp:attachment":[{"href":"https:\/\/klementina.rs\/en\/wp-json\/wp\/v2\/media?parent=97"}],"wp:term":[{"taxonomy":"product_brand","embeddable":true,"href":"https:\/\/klementina.rs\/en\/wp-json\/wp\/v2\/product_brand?post=97"},{"taxonomy":"product_cat","embeddable":true,"href":"https:\/\/klementina.rs\/en\/wp-json\/wp\/v2\/product_cat?post=97"},{"taxonomy":"product_tag","embeddable":true,"href":"https:\/\/klementina.rs\/en\/wp-json\/wp\/v2\/product_tag?post=97"}],"curies":[{"name":"wp","href":"https:\/\/api.w.org\/{rel}","templated":true}]}}